{"id":6794,"date":"2021-02-08T18:54:05","date_gmt":"2021-02-08T18:54:05","guid":{"rendered":"https:\/\/caminosantiago.msalaskreacion.es\/prepare-for-the-journey\/"},"modified":"2021-08-16T20:02:02","modified_gmt":"2021-08-16T20:02:02","slug":"prepare-for-the-journey","status":"publish","type":"page","link":"https:\/\/caminodesantiagoporaragon.com\/en\/prepare-for-the-journey\/","title":{"rendered":"Prepare for the journey"},"content":{"rendered":"\t\t<div data-elementor-type=\"wp-page\" data-elementor-id=\"6794\" class=\"elementor elementor-6794 elementor-3687\" data-elementor-post-type=\"page\">\n\t\t\t\t\t\t<section class=\"elementor-section elementor-top-section elementor-element elementor-element-38cb782 elementor-section-height-min-height elementor-section-boxed elementor-section-height-default elementor-section-items-middle\" data-id=\"38cb782\" data-element_type=\"section\" data-e-type=\"section\" data-settings=\"{&quot;background_background&quot;:&quot;gradient&quot;}\">\n\t\t\t\t\t\t\t<div class=\"elementor-background-overlay\"><\/div>\n\t\t\t\t\t\t\t<div class=\"elementor-container elementor-column-gap-default\">\n\t\t\t\t\t<div class=\"elementor-column elementor-col-100 elementor-top-column elementor-element elementor-element-8664a33\" data-id=\"8664a33\" data-element_type=\"column\" data-e-type=\"column\">\n\t\t\t<div class=\"elementor-widget-wrap elementor-element-populated\">\n\t\t\t\t\t\t<div class=\"elementor-element elementor-element-220fcb8 elementor-widget elementor-widget-text-editor\" data-id=\"220fcb8\" data-element_type=\"widget\" data-e-type=\"widget\" data-widget_type=\"text-editor.default\">\n\t\t\t\t<div class=\"elementor-widget-container\">\n\t\t\t\t\t\t\t\t\t<p>There are many reasons to walk the camino de santiago through aragon and several ways to do it<\/p>\n\t\t\t\t\t\t\t\t<\/div>\n\t\t\t\t<\/div>\n\t\t\t\t\t<\/div>\n\t\t<\/div>\n\t\t\t\t\t<\/div>\n\t\t<\/section>\n\t\t\t\t<section class=\"elementor-section elementor-top-section elementor-element elementor-element-e67778a elementor-section-content-middle elementor-section-boxed elementor-section-height-default elementor-section-height-default\" data-id=\"e67778a\" data-element_type=\"section\" data-e-type=\"section\">\n\t\t\t\t\t\t<div class=\"elementor-container elementor-column-gap-default\">\n\t\t\t\t\t<div class=\"elementor-column elementor-col-50 elementor-top-column elementor-element elementor-element-95a058a\" data-id=\"95a058a\" data-element_type=\"column\" data-e-type=\"column\">\n\t\t\t<div class=\"elementor-widget-wrap elementor-element-populated\">\n\t\t\t\t\t\t<div class=\"elementor-element elementor-element-945516b elementor-widget elementor-widget-text-editor\" data-id=\"945516b\" data-element_type=\"widget\" data-e-type=\"widget\" data-widget_type=\"text-editor.default\">\n\t\t\t\t<div class=\"elementor-widget-container\">\n\t\t\t\t\t\t\t\t\t<p>Most of the route is covered on foot, although some take support cars. Another option is by bicycle, knowing that the stage from Somport to Jaca is beautiful but hard. It is also possible to do it on horseback, but in this case, the stables and feeding of the animal must be taken into account. And for the mere pleasure of sightseeing, the Camino is undoubtedly a destination to enjoy as a couple or with the family, with friends, and with thousands of options for lovers of active tourism, travellers eager for culture and history or nature lovers.<\/p>\n\t\t\t\t\t\t\t\t<\/div>\n\t\t\t\t<\/div>\n\t\t\t\t<div class=\"elementor-element elementor-element-801d359 elementor-position-inline-start elementor-view-default elementor-mobile-position-block-start elementor-widget elementor-widget-icon-box\" data-id=\"801d359\" data-element_type=\"widget\" data-e-type=\"widget\" data-widget_type=\"icon-box.default\">\n\t\t\t\t<div class=\"elementor-widget-container\">\n\t\t\t\t\t\t\t<div class=\"elementor-icon-box-wrapper\">\n\n\t\t\t\t\t\t<div class=\"elementor-icon-box-icon\">\n\t\t\t\t<span  class=\"elementor-icon\">\n\t\t\t\t<i aria-hidden=\"true\" class=\"far fa-grin-stars\"><\/i>\t\t\t\t<\/span>\n\t\t\t<\/div>\n\t\t\t\n\t\t\t\t\t\t<div class=\"elementor-icon-box-content\">\n\n\t\t\t\t\n\t\t\t\t\t\t\t\t\t<p class=\"elementor-icon-box-description\">\n\t\t\t\t\t\tPrepare your trip and enjoy the Camino de Santiago through Aragon: <br>\"Where you are the Star\".\t\t\t\t\t<\/p>\n\t\t\t\t\n\t\t\t<\/div>\n\t\t\t\n\t\t<\/div>\n\t\t\t\t\t\t<\/div>\n\t\t\t\t<\/div>\n\t\t\t\t\t<\/div>\n\t\t<\/div>\n\t\t\t\t<div class=\"elementor-column elementor-col-50 elementor-top-column elementor-element elementor-element-7c3f6d5 elementor-invisible\" data-id=\"7c3f6d5\" data-element_type=\"column\" data-e-type=\"column\" data-settings=\"{&quot;background_background&quot;:&quot;classic&quot;,&quot;animation&quot;:&quot;fadeInUp&quot;,&quot;animation_mobile&quot;:&quot;none&quot;}\">\n\t\t\t<div class=\"elementor-widget-wrap elementor-element-populated\">\n\t\t\t\t\t\t<div class=\"elementor-element elementor-element-e415846 elementor-icon-list--layout-traditional elementor-list-item-link-full_width elementor-widget elementor-widget-icon-list\" data-id=\"e415846\" data-element_type=\"widget\" data-e-type=\"widget\" data-widget_type=\"icon-list.default\">\n\t\t\t\t<div class=\"elementor-widget-container\">\n\t\t\t\t\t\t\t<ul class=\"elementor-icon-list-items\">\n\t\t\t\t\t\t\t<li class=\"elementor-icon-list-item\">\n\t\t\t\t\t\t\t\t\t\t\t<a href=\"https:\/\/caminodesantiagoporaragon.com\/andando\/\">\n\n\t\t\t\t\t\t\t\t\t\t\t\t<span class=\"elementor-icon-list-icon\">\n\t\t\t\t\t\t\t<i aria-hidden=\"true\" class=\"fas fa-walking\"><\/i>\t\t\t\t\t\t<\/span>\n\t\t\t\t\t\t\t\t\t\t<span class=\"elementor-icon-list-text\">Walking<\/span>\n\t\t\t\t\t\t\t\t\t\t\t<\/a>\n\t\t\t\t\t\t\t\t\t<\/li>\n\t\t\t\t\t\t\t\t<li class=\"elementor-icon-list-item\">\n\t\t\t\t\t\t\t\t\t\t\t<a href=\"https:\/\/caminodesantiagoporaragon.com\/en-bici\/\">\n\n\t\t\t\t\t\t\t\t\t\t\t\t<span class=\"elementor-icon-list-icon\">\n\t\t\t\t\t\t\t<i aria-hidden=\"true\" class=\"fas fa-biking\"><\/i>\t\t\t\t\t\t<\/span>\n\t\t\t\t\t\t\t\t\t\t<span class=\"elementor-icon-list-text\">By bike<\/span>\n\t\t\t\t\t\t\t\t\t\t\t<\/a>\n\t\t\t\t\t\t\t\t\t<\/li>\n\t\t\t\t\t\t\t\t<li class=\"elementor-icon-list-item\">\n\t\t\t\t\t\t\t\t\t\t\t<a href=\"https:\/\/caminodesantiagoporaragon.com\/a-caballo\/\">\n\n\t\t\t\t\t\t\t\t\t\t\t\t<span class=\"elementor-icon-list-icon\">\n\t\t\t\t\t\t\t<i aria-hidden=\"true\" class=\"fas fa-horse\"><\/i>\t\t\t\t\t\t<\/span>\n\t\t\t\t\t\t\t\t\t\t<span class=\"elementor-icon-list-text\">On horseback<\/span>\n\t\t\t\t\t\t\t\t\t\t\t<\/a>\n\t\t\t\t\t\t\t\t\t<\/li>\n\t\t\t\t\t\t\t\t<li class=\"elementor-icon-list-item\">\n\t\t\t\t\t\t\t\t\t\t\t<a href=\"https:\/\/caminodesantiagoporaragon.com\/guia-util\/\">\n\n\t\t\t\t\t\t\t\t\t\t\t\t<span class=\"elementor-icon-list-icon\">\n\t\t\t\t\t\t\t<i aria-hidden=\"true\" class=\"fas fa-info-circle\"><\/i>\t\t\t\t\t\t<\/span>\n\t\t\t\t\t\t\t\t\t\t<span class=\"elementor-icon-list-text\">Useful guide<\/span>\n\t\t\t\t\t\t\t\t\t\t\t<\/a>\n\t\t\t\t\t\t\t\t\t<\/li>\n\t\t\t\t\t\t<\/ul>\n\t\t\t\t\t\t<\/div>\n\t\t\t\t<\/div>\n\t\t\t\t\t<\/div>\n\t\t<\/div>\n\t\t\t\t\t<\/div>\n\t\t<\/section>\n\t\t\t\t<section class=\"elementor-section elementor-top-section elementor-element elementor-element-3346101 elementor-section-boxed elementor-section-height-default elementor-section-height-default\" data-id=\"3346101\" data-element_type=\"section\" data-e-type=\"section\" data-settings=\"{&quot;background_background&quot;:&quot;classic&quot;}\">\n\t\t\t\t\t\t<div class=\"elementor-container elementor-column-gap-default\">\n\t\t\t\t\t<div class=\"elementor-column elementor-col-50 elementor-top-column elementor-element elementor-element-8475890\" data-id=\"8475890\" data-element_type=\"column\" data-e-type=\"column\">\n\t\t\t<div class=\"elementor-widget-wrap elementor-element-populated\">\n\t\t\t\t\t\t<div class=\"elementor-element elementor-element-1884ea7 elementor-position-inline-start elementor-view-default elementor-mobile-position-block-start elementor-widget elementor-widget-icon-box\" data-id=\"1884ea7\" data-element_type=\"widget\" data-e-type=\"widget\" data-widget_type=\"icon-box.default\">\n\t\t\t\t<div class=\"elementor-widget-container\">\n\t\t\t\t\t\t\t<div class=\"elementor-icon-box-wrapper\">\n\n\t\t\t\t\t\t<div class=\"elementor-icon-box-icon\">\n\t\t\t\t<span  class=\"elementor-icon\">\n\t\t\t\t<i aria-hidden=\"true\" class=\"fas fa-desktop\"><\/i>\t\t\t\t<\/span>\n\t\t\t<\/div>\n\t\t\t\n\t\t\t\t\t\t<div class=\"elementor-icon-box-content\">\n\n\t\t\t\t\t\t\t\t\t<h2 class=\"elementor-icon-box-title\">\n\t\t\t\t\t\t<span  >\n\t\t\t\t\t\t\tSITES OF INTEREST\t\t\t\t\t\t<\/span>\n\t\t\t\t\t<\/h2>\n\t\t\t\t\n\t\t\t\t\n\t\t\t<\/div>\n\t\t\t\n\t\t<\/div>\n\t\t\t\t\t\t<\/div>\n\t\t\t\t<\/div>\n\t\t\t\t<div class=\"elementor-element elementor-element-a84bba3 elementor-widget elementor-widget-text-editor\" data-id=\"a84bba3\" data-element_type=\"widget\" data-e-type=\"widget\" data-widget_type=\"text-editor.default\">\n\t\t\t\t<div class=\"elementor-widget-container\">\n\t\t\t\t\t\t\t\t\t<ul>\n<li><a href=\"http:\/\/www.jacajacobea.com\/\" target=\"_blank\" rel=\"noreferrer noopener\">Asociaci\u00f3n de Amigos del Camino de Jaca<\/a><\/li>\n<li><a href=\"http:\/\/www.fam.es\/\">Federaci\u00f3n Aragonesa de Monta\u00f1ismo<\/a><\/li>\n<li><a href=\"http:\/\/www.turismodearagon.com\/es\">P\u00e1gina web Turismo de Arag\u00f3n<\/a><\/li>\n<li><a href=\"http:\/\/xn--web%20patrimonio%20cultural%20de%20aragn-34d\/\">patrimonioculturaldearagon.es<\/a><\/li>\n<li><a href=\"http:\/\/www.jaca.com\/agendacultural.htm\" target=\"_blank\" rel=\"noreferrer noopener\">Agenda Jaca \u2013 Pirineos<\/a><\/li>\n<\/ul>\n\t\t\t\t\t\t\t\t<\/div>\n\t\t\t\t<\/div>\n\t\t\t\t\t<\/div>\n\t\t<\/div>\n\t\t\t\t<div class=\"elementor-column elementor-col-50 elementor-top-column elementor-element elementor-element-730801a\" data-id=\"730801a\" data-element_type=\"column\" data-e-type=\"column\">\n\t\t\t<div class=\"elementor-widget-wrap elementor-element-populated\">\n\t\t\t\t\t\t<div class=\"elementor-element elementor-element-05890e5 elementor-position-inline-start elementor-view-default elementor-mobile-position-block-start elementor-widget elementor-widget-icon-box\" data-id=\"05890e5\" data-element_type=\"widget\" data-e-type=\"widget\" data-widget_type=\"icon-box.default\">\n\t\t\t\t<div class=\"elementor-widget-container\">\n\t\t\t\t\t\t\t<div class=\"elementor-icon-box-wrapper\">\n\n\t\t\t\t\t\t<div class=\"elementor-icon-box-icon\">\n\t\t\t\t<span  class=\"elementor-icon\">\n\t\t\t\t<i aria-hidden=\"true\" class=\"fas fa-mobile-alt\"><\/i>\t\t\t\t<\/span>\n\t\t\t<\/div>\n\t\t\t\n\t\t\t\t\t\t<div class=\"elementor-icon-box-content\">\n\n\t\t\t\t\t\t\t\t\t<h2 class=\"elementor-icon-box-title\">\n\t\t\t\t\t\t<span  >\n\t\t\t\t\t\t\tAPPS\t\t\t\t\t\t<\/span>\n\t\t\t\t\t<\/h2>\n\t\t\t\t\n\t\t\t\t\n\t\t\t<\/div>\n\t\t\t\n\t\t<\/div>\n\t\t\t\t\t\t<\/div>\n\t\t\t\t<\/div>\n\t\t\t\t<div class=\"elementor-element elementor-element-9e90297 elementor-widget elementor-widget-text-editor\" data-id=\"9e90297\" data-element_type=\"widget\" data-e-type=\"widget\" data-widget_type=\"text-editor.default\">\n\t\t\t\t<div class=\"elementor-widget-container\">\n\t\t\t\t\t\t\t\t\t<p>Camino de Santiago 2.0 published by the National Geographic Institute is a fantastic application with maps at a scale of 1:50.000, which also includes very useful thematic information, as well as diagrams and profiles of each of the stages, information on towns, accommodation, etc. It allows you to create a travel diary and share it on social networks. Available for Android and Apple platforms.<\/p>\n<p>However, it is advisable to complete and check the information with the tourist offices in the area. And as <a href=\"https:\/\/montanasegura.com\/\" target=\"_blank\" rel=\"noopener\">Monta\u00f1a Segura<\/a> warns, a smartphone should not replace any other equipment you carry in your backpack, such as a compass, maps&#8230; technology yes, but use it wisely!<\/p>\n\t\t\t\t\t\t\t\t<\/div>\n\t\t\t\t<\/div>\n\t\t\t\t\t<\/div>\n\t\t<\/div>\n\t\t\t\t\t<\/div>\n\t\t<\/section>\n\t\t\t\t<\/div>\n\t\t","protected":false},"excerpt":{"rendered":"<p>There are many reasons to walk the camino de santiago through aragon and several ways to do it Most of the route is covered on foot, although some take support cars. Another option is by bicycle, knowing that the stage from Somport to Jaca is beautiful but hard. It is also possible to do it [&hellip;]<\/p>\n","protected":false},"author":2,"featured_media":6382,"parent":0,"menu_order":0,"comment_status":"closed","ping_status":"closed","template":"elementor_header_footer","meta":{"footnotes":""},"class_list":["post-6794","page","type-page","status-publish","has-post-thumbnail","hentry"],"yoast_head":"<!-- This site is optimized with the Yoast SEO plugin v26.9 - https:\/\/yoast.com\/product\/yoast-seo-wordpress\/ -->\n<title>Prepare for the journey - Camino de Santiago por Arag\u00f3n | Donde t\u00fa eres la estrella<\/title>\n<meta name=\"robots\" content=\"index, follow, max-snippet:-1, max-image-preview:large, max-video-preview:-1\" \/>\n<link rel=\"canonical\" href=\"https:\/\/caminodesantiagoporaragon.com\/en\/prepare-for-the-journey\/\" \/>\n<meta property=\"og:locale\" content=\"en_US\" \/>\n<meta property=\"og:type\" content=\"article\" \/>\n<meta property=\"og:title\" content=\"Prepare for the journey - Camino de Santiago por Arag\u00f3n | Donde t\u00fa eres la estrella\" \/>\n<meta property=\"og:description\" content=\"There are many reasons to walk the camino de santiago through aragon and several ways to do it Most of the route is covered on foot, although some take support cars. Another option is by bicycle, knowing that the stage from Somport to Jaca is beautiful but hard. It is also possible to do it [&hellip;]\" \/>\n<meta property=\"og:url\" content=\"https:\/\/caminodesantiagoporaragon.com\/en\/prepare-for-the-journey\/\" \/>\n<meta property=\"og:site_name\" content=\"Camino de Santiago por Arag\u00f3n | Donde t\u00fa eres la estrella\" \/>\n<meta property=\"article:publisher\" content=\"https:\/\/www.facebook.com\/caminodesantiagoporaragon\/\" \/>\n<meta property=\"article:modified_time\" content=\"2021-08-16T20:02:02+00:00\" \/>\n<meta property=\"og:image\" content=\"https:\/\/caminodesantiagoporaragon.com\/wp-content\/uploads\/2021\/02\/descarga-15.jpg\" \/>\n\t<meta property=\"og:image:width\" content=\"1708\" \/>\n\t<meta property=\"og:image:height\" content=\"552\" \/>\n\t<meta property=\"og:image:type\" content=\"image\/jpeg\" \/>\n<meta name=\"twitter:card\" content=\"summary_large_image\" \/>\n<meta name=\"twitter:site\" content=\"@CSantiagoAragon\" \/>\n<meta name=\"twitter:label1\" content=\"Est. reading time\" \/>\n\t<meta name=\"twitter:data1\" content=\"2 minutes\" \/>\n<script type=\"application\/ld+json\" class=\"yoast-schema-graph\">{\"@context\":\"https:\/\/schema.org\",\"@graph\":[{\"@type\":\"WebPage\",\"@id\":\"https:\/\/caminodesantiagoporaragon.com\/en\/prepare-for-the-journey\/\",\"url\":\"https:\/\/caminodesantiagoporaragon.com\/en\/prepare-for-the-journey\/\",\"name\":\"Prepare for the journey - Camino de Santiago por Arag\u00f3n | Donde t\u00fa eres la estrella\",\"isPartOf\":{\"@id\":\"https:\/\/caminodesantiagoporaragon.com\/en\/#website\"},\"primaryImageOfPage\":{\"@id\":\"https:\/\/caminodesantiagoporaragon.com\/en\/prepare-for-the-journey\/#primaryimage\"},\"image\":{\"@id\":\"https:\/\/caminodesantiagoporaragon.com\/en\/prepare-for-the-journey\/#primaryimage\"},\"thumbnailUrl\":\"https:\/\/caminodesantiagoporaragon.com\/wp-content\/uploads\/2021\/02\/descarga-15.jpg\",\"datePublished\":\"2021-02-08T18:54:05+00:00\",\"dateModified\":\"2021-08-16T20:02:02+00:00\",\"breadcrumb\":{\"@id\":\"https:\/\/caminodesantiagoporaragon.com\/en\/prepare-for-the-journey\/#breadcrumb\"},\"inLanguage\":\"en-US\",\"potentialAction\":[{\"@type\":\"ReadAction\",\"target\":[\"https:\/\/caminodesantiagoporaragon.com\/en\/prepare-for-the-journey\/\"]}]},{\"@type\":\"ImageObject\",\"inLanguage\":\"en-US\",\"@id\":\"https:\/\/caminodesantiagoporaragon.com\/en\/prepare-for-the-journey\/#primaryimage\",\"url\":\"https:\/\/caminodesantiagoporaragon.com\/wp-content\/uploads\/2021\/02\/descarga-15.jpg\",\"contentUrl\":\"https:\/\/caminodesantiagoporaragon.com\/wp-content\/uploads\/2021\/02\/descarga-15.jpg\",\"width\":1708,\"height\":552,\"caption\":\"Prepara el viaje\"},{\"@type\":\"BreadcrumbList\",\"@id\":\"https:\/\/caminodesantiagoporaragon.com\/en\/prepare-for-the-journey\/#breadcrumb\",\"itemListElement\":[{\"@type\":\"ListItem\",\"position\":1,\"name\":\"Inicio\",\"item\":\"https:\/\/caminodesantiagoporaragon.com\/en\/\"},{\"@type\":\"ListItem\",\"position\":2,\"name\":\"Prepare for the journey\"}]},{\"@type\":\"WebSite\",\"@id\":\"https:\/\/caminodesantiagoporaragon.com\/en\/#website\",\"url\":\"https:\/\/caminodesantiagoporaragon.com\/en\/\",\"name\":\"Camino de Santiago por Arag\u00f3n | Donde t\u00fa eres la estrella\",\"description\":\"El Camino de Santiago por Arag\u00f3n es nuestro legado. Bienvenidos a vivir, a disfrutar y comprender el camino franc\u00e9s por Arag\u00f3n, Patrimonio de la Humanidad.\",\"publisher\":{\"@id\":\"https:\/\/caminodesantiagoporaragon.com\/en\/#organization\"},\"potentialAction\":[{\"@type\":\"SearchAction\",\"target\":{\"@type\":\"EntryPoint\",\"urlTemplate\":\"https:\/\/caminodesantiagoporaragon.com\/en\/?s={search_term_string}\"},\"query-input\":{\"@type\":\"PropertyValueSpecification\",\"valueRequired\":true,\"valueName\":\"search_term_string\"}}],\"inLanguage\":\"en-US\"},{\"@type\":\"Organization\",\"@id\":\"https:\/\/caminodesantiagoporaragon.com\/en\/#organization\",\"name\":\"Turismo de Arag\u00f3n\",\"url\":\"https:\/\/caminodesantiagoporaragon.com\/en\/\",\"logo\":{\"@type\":\"ImageObject\",\"inLanguage\":\"en-US\",\"@id\":\"https:\/\/caminodesantiagoporaragon.com\/en\/#\/schema\/logo\/image\/\",\"url\":\"https:\/\/caminodesantiagoporaragon.com\/wp-content\/uploads\/2021\/07\/foro-profesionales-turismo-de-aragon.jpg\",\"contentUrl\":\"https:\/\/caminodesantiagoporaragon.com\/wp-content\/uploads\/2021\/07\/foro-profesionales-turismo-de-aragon.jpg\",\"width\":429,\"height\":415,\"caption\":\"Turismo de Arag\u00f3n\"},\"image\":{\"@id\":\"https:\/\/caminodesantiagoporaragon.com\/en\/#\/schema\/logo\/image\/\"},\"sameAs\":[\"https:\/\/www.facebook.com\/caminodesantiagoporaragon\/\",\"https:\/\/x.com\/CSantiagoAragon\",\"https:\/\/www.instagram.com\/caminodesantiagoporaragon\/\",\"https:\/\/www.youtube.com\/channel\/UCxJoNlG90Gi-WjTm24Jgkag\"]}]}<\/script>\n<!-- \/ Yoast SEO plugin. -->","yoast_head_json":{"title":"Prepare for the journey - Camino de Santiago por Arag\u00f3n | Donde t\u00fa eres la estrella","robots":{"index":"index","follow":"follow","max-snippet":"max-snippet:-1","max-image-preview":"max-image-preview:large","max-video-preview":"max-video-preview:-1"},"canonical":"https:\/\/caminodesantiagoporaragon.com\/en\/prepare-for-the-journey\/","og_locale":"en_US","og_type":"article","og_title":"Prepare for the journey - Camino de Santiago por Arag\u00f3n | Donde t\u00fa eres la estrella","og_description":"There are many reasons to walk the camino de santiago through aragon and several ways to do it Most of the route is covered on foot, although some take support cars. Another option is by bicycle, knowing that the stage from Somport to Jaca is beautiful but hard. It is also possible to do it [&hellip;]","og_url":"https:\/\/caminodesantiagoporaragon.com\/en\/prepare-for-the-journey\/","og_site_name":"Camino de Santiago por Arag\u00f3n | Donde t\u00fa eres la estrella","article_publisher":"https:\/\/www.facebook.com\/caminodesantiagoporaragon\/","article_modified_time":"2021-08-16T20:02:02+00:00","og_image":[{"width":1708,"height":552,"url":"https:\/\/caminodesantiagoporaragon.com\/wp-content\/uploads\/2021\/02\/descarga-15.jpg","type":"image\/jpeg"}],"twitter_card":"summary_large_image","twitter_site":"@CSantiagoAragon","twitter_misc":{"Est. reading time":"2 minutes"},"schema":{"@context":"https:\/\/schema.org","@graph":[{"@type":"WebPage","@id":"https:\/\/caminodesantiagoporaragon.com\/en\/prepare-for-the-journey\/","url":"https:\/\/caminodesantiagoporaragon.com\/en\/prepare-for-the-journey\/","name":"Prepare for the journey - Camino de Santiago por Arag\u00f3n | Donde t\u00fa eres la estrella","isPartOf":{"@id":"https:\/\/caminodesantiagoporaragon.com\/en\/#website"},"primaryImageOfPage":{"@id":"https:\/\/caminodesantiagoporaragon.com\/en\/prepare-for-the-journey\/#primaryimage"},"image":{"@id":"https:\/\/caminodesantiagoporaragon.com\/en\/prepare-for-the-journey\/#primaryimage"},"thumbnailUrl":"https:\/\/caminodesantiagoporaragon.com\/wp-content\/uploads\/2021\/02\/descarga-15.jpg","datePublished":"2021-02-08T18:54:05+00:00","dateModified":"2021-08-16T20:02:02+00:00","breadcrumb":{"@id":"https:\/\/caminodesantiagoporaragon.com\/en\/prepare-for-the-journey\/#breadcrumb"},"inLanguage":"en-US","potentialAction":[{"@type":"ReadAction","target":["https:\/\/caminodesantiagoporaragon.com\/en\/prepare-for-the-journey\/"]}]},{"@type":"ImageObject","inLanguage":"en-US","@id":"https:\/\/caminodesantiagoporaragon.com\/en\/prepare-for-the-journey\/#primaryimage","url":"https:\/\/caminodesantiagoporaragon.com\/wp-content\/uploads\/2021\/02\/descarga-15.jpg","contentUrl":"https:\/\/caminodesantiagoporaragon.com\/wp-content\/uploads\/2021\/02\/descarga-15.jpg","width":1708,"height":552,"caption":"Prepara el viaje"},{"@type":"BreadcrumbList","@id":"https:\/\/caminodesantiagoporaragon.com\/en\/prepare-for-the-journey\/#breadcrumb","itemListElement":[{"@type":"ListItem","position":1,"name":"Inicio","item":"https:\/\/caminodesantiagoporaragon.com\/en\/"},{"@type":"ListItem","position":2,"name":"Prepare for the journey"}]},{"@type":"WebSite","@id":"https:\/\/caminodesantiagoporaragon.com\/en\/#website","url":"https:\/\/caminodesantiagoporaragon.com\/en\/","name":"Camino de Santiago por Arag\u00f3n | Donde t\u00fa eres la estrella","description":"El Camino de Santiago por Arag\u00f3n es nuestro legado. Bienvenidos a vivir, a disfrutar y comprender el camino franc\u00e9s por Arag\u00f3n, Patrimonio de la Humanidad.","publisher":{"@id":"https:\/\/caminodesantiagoporaragon.com\/en\/#organization"},"potentialAction":[{"@type":"SearchAction","target":{"@type":"EntryPoint","urlTemplate":"https:\/\/caminodesantiagoporaragon.com\/en\/?s={search_term_string}"},"query-input":{"@type":"PropertyValueSpecification","valueRequired":true,"valueName":"search_term_string"}}],"inLanguage":"en-US"},{"@type":"Organization","@id":"https:\/\/caminodesantiagoporaragon.com\/en\/#organization","name":"Turismo de Arag\u00f3n","url":"https:\/\/caminodesantiagoporaragon.com\/en\/","logo":{"@type":"ImageObject","inLanguage":"en-US","@id":"https:\/\/caminodesantiagoporaragon.com\/en\/#\/schema\/logo\/image\/","url":"https:\/\/caminodesantiagoporaragon.com\/wp-content\/uploads\/2021\/07\/foro-profesionales-turismo-de-aragon.jpg","contentUrl":"https:\/\/caminodesantiagoporaragon.com\/wp-content\/uploads\/2021\/07\/foro-profesionales-turismo-de-aragon.jpg","width":429,"height":415,"caption":"Turismo de Arag\u00f3n"},"image":{"@id":"https:\/\/caminodesantiagoporaragon.com\/en\/#\/schema\/logo\/image\/"},"sameAs":["https:\/\/www.facebook.com\/caminodesantiagoporaragon\/","https:\/\/x.com\/CSantiagoAragon","https:\/\/www.instagram.com\/caminodesantiagoporaragon\/","https:\/\/www.youtube.com\/channel\/UCxJoNlG90Gi-WjTm24Jgkag"]}]}},"_links":{"self":[{"href":"https:\/\/caminodesantiagoporaragon.com\/en\/wp-json\/wp\/v2\/pages\/6794","targetHints":{"allow":["GET"]}}],"collection":[{"href":"https:\/\/caminodesantiagoporaragon.com\/en\/wp-json\/wp\/v2\/pages"}],"about":[{"href":"https:\/\/caminodesantiagoporaragon.com\/en\/wp-json\/wp\/v2\/types\/page"}],"author":[{"embeddable":true,"href":"https:\/\/caminodesantiagoporaragon.com\/en\/wp-json\/wp\/v2\/users\/2"}],"replies":[{"embeddable":true,"href":"https:\/\/caminodesantiagoporaragon.com\/en\/wp-json\/wp\/v2\/comments?post=6794"}],"version-history":[{"count":0,"href":"https:\/\/caminodesantiagoporaragon.com\/en\/wp-json\/wp\/v2\/pages\/6794\/revisions"}],"wp:featuredmedia":[{"embeddable":true,"href":"https:\/\/caminodesantiagoporaragon.com\/en\/wp-json\/wp\/v2\/media\/6382"}],"wp:attachment":[{"href":"https:\/\/caminodesantiagoporaragon.com\/en\/wp-json\/wp\/v2\/media?parent=6794"}],"curies":[{"name":"wp","href":"https:\/\/api.w.org\/{rel}","templated":true}]}}