{"id":7000,"date":"2021-02-17T10:46:34","date_gmt":"2021-02-17T10:46:34","guid":{"rendered":"https:\/\/caminosantiago.msalaskreacion.es\/history\/"},"modified":"2024-12-19T08:36:25","modified_gmt":"2024-12-19T08:36:25","slug":"history","status":"publish","type":"page","link":"https:\/\/caminodesantiagoporaragon.com\/en\/history\/","title":{"rendered":"History"},"content":{"rendered":"\t\t<div data-elementor-type=\"wp-page\" data-elementor-id=\"7000\" class=\"elementor elementor-7000 elementor-3829\" data-elementor-post-type=\"page\">\n\t\t\t\t\t\t<section class=\"elementor-section elementor-top-section elementor-element elementor-element-38c9cfa elementor-section-height-min-height elementor-section-boxed elementor-section-height-default elementor-section-items-middle\" data-id=\"38c9cfa\" data-element_type=\"section\" data-e-type=\"section\" data-settings=\"{&quot;background_background&quot;:&quot;gradient&quot;}\">\n\t\t\t\t\t\t\t<div class=\"elementor-background-overlay\"><\/div>\n\t\t\t\t\t\t\t<div class=\"elementor-container elementor-column-gap-default\">\n\t\t\t\t\t<div class=\"elementor-column elementor-col-100 elementor-top-column elementor-element elementor-element-def8c98\" data-id=\"def8c98\" data-element_type=\"column\" data-e-type=\"column\">\n\t\t\t<div class=\"elementor-widget-wrap elementor-element-populated\">\n\t\t\t\t\t\t<div class=\"elementor-element elementor-element-997426a elementor-widget elementor-widget-text-editor\" data-id=\"997426a\" data-element_type=\"widget\" data-e-type=\"widget\" data-widget_type=\"text-editor.default\">\n\t\t\t\t<div class=\"elementor-widget-container\">\n\t\t\t\t\t\t\t\t\t<p>The legend that placed the tomb of the apostle santiago at the ends of the world and its discovery in the iberian peninsula<\/p>\n\t\t\t\t\t\t\t\t<\/div>\n\t\t\t\t<\/div>\n\t\t\t\t\t<\/div>\n\t\t<\/div>\n\t\t\t\t\t<\/div>\n\t\t<\/section>\n\t\t\t\t<section class=\"elementor-section elementor-top-section elementor-element elementor-element-b285735 elementor-section-boxed elementor-section-height-default elementor-section-height-default\" data-id=\"b285735\" data-element_type=\"section\" data-e-type=\"section\" data-settings=\"{&quot;background_background&quot;:&quot;classic&quot;}\">\n\t\t\t\t\t\t<div class=\"elementor-container elementor-column-gap-default\">\n\t\t\t\t\t<div class=\"elementor-column elementor-col-100 elementor-top-column elementor-element elementor-element-3ae3cdb\" data-id=\"3ae3cdb\" data-element_type=\"column\" data-e-type=\"column\">\n\t\t\t<div class=\"elementor-widget-wrap elementor-element-populated\">\n\t\t\t\t\t\t<div class=\"elementor-element elementor-element-e93454d elementor-icon-list--layout-inline elementor-align-start elementor-mobile-align-start elementor-list-item-link-full_width elementor-widget elementor-widget-icon-list\" data-id=\"e93454d\" data-element_type=\"widget\" data-e-type=\"widget\" data-widget_type=\"icon-list.default\">\n\t\t\t\t<div class=\"elementor-widget-container\">\n\t\t\t\t\t\t\t<ul class=\"elementor-icon-list-items elementor-inline-items\">\n\t\t\t\t\t\t\t<li class=\"elementor-icon-list-item elementor-inline-item\">\n\t\t\t\t\t\t\t\t\t\t\t<a href=\"https:\/\/caminodesantiagoporaragon.com\/patrimonio\/\">\n\n\t\t\t\t\t\t\t\t\t\t\t\t<span class=\"elementor-icon-list-icon\">\n\t\t\t\t\t\t\t<i aria-hidden=\"true\" class=\"fas fa-place-of-worship\"><\/i>\t\t\t\t\t\t<\/span>\n\t\t\t\t\t\t\t\t\t\t<span class=\"elementor-icon-list-text\">Heritage<\/span>\n\t\t\t\t\t\t\t\t\t\t\t<\/a>\n\t\t\t\t\t\t\t\t\t<\/li>\n\t\t\t\t\t\t\t\t<li class=\"elementor-icon-list-item elementor-inline-item\">\n\t\t\t\t\t\t\t\t\t\t\t<a href=\"https:\/\/caminodesantiagoporaragon.com\/medioambiente\/\">\n\n\t\t\t\t\t\t\t\t\t\t\t\t<span class=\"elementor-icon-list-icon\">\n\t\t\t\t\t\t\t<i aria-hidden=\"true\" class=\"fas fa-mountain\"><\/i>\t\t\t\t\t\t<\/span>\n\t\t\t\t\t\t\t\t\t\t<span class=\"elementor-icon-list-text\">Landscape<\/span>\n\t\t\t\t\t\t\t\t\t\t\t<\/a>\n\t\t\t\t\t\t\t\t\t<\/li>\n\t\t\t\t\t\t\t\t<li class=\"elementor-icon-list-item elementor-inline-item\">\n\t\t\t\t\t\t\t\t\t\t\t<a href=\"https:\/\/caminodesantiagoporaragon.com\/gastronomia\/\">\n\n\t\t\t\t\t\t\t\t\t\t\t\t<span class=\"elementor-icon-list-icon\">\n\t\t\t\t\t\t\t<i aria-hidden=\"true\" class=\"fas fa-pepper-hot\"><\/i>\t\t\t\t\t\t<\/span>\n\t\t\t\t\t\t\t\t\t\t<span class=\"elementor-icon-list-text\">Gastronomy<\/span>\n\t\t\t\t\t\t\t\t\t\t\t<\/a>\n\t\t\t\t\t\t\t\t\t<\/li>\n\t\t\t\t\t\t<\/ul>\n\t\t\t\t\t\t<\/div>\n\t\t\t\t<\/div>\n\t\t\t\t\t<\/div>\n\t\t<\/div>\n\t\t\t\t\t<\/div>\n\t\t<\/section>\n\t\t\t\t<section class=\"elementor-section elementor-top-section elementor-element elementor-element-c8f7d54 elementor-section-content-middle elementor-section-boxed elementor-section-height-default elementor-section-height-default\" data-id=\"c8f7d54\" data-element_type=\"section\" data-e-type=\"section\">\n\t\t\t\t\t\t<div class=\"elementor-container elementor-column-gap-default\">\n\t\t\t\t\t<div class=\"elementor-column elementor-col-50 elementor-top-column elementor-element elementor-element-0bdd9d2\" data-id=\"0bdd9d2\" data-element_type=\"column\" data-e-type=\"column\">\n\t\t\t<div class=\"elementor-widget-wrap elementor-element-populated\">\n\t\t\t\t\t\t<div class=\"elementor-element elementor-element-8000108 elementor-widget elementor-widget-text-editor\" data-id=\"8000108\" data-element_type=\"widget\" data-e-type=\"widget\" data-widget_type=\"text-editor.default\">\n\t\t\t\t<div class=\"elementor-widget-container\">\n\t\t\t\t\t\t\t\t\t<p>It forged the beginning of the pilgrim current that we now call the Way of St. James. The pilgrimage to Santiago helped to strengthen the link between the north of the peninsula and Europe, the formation of urban centres and the cohesion of territories.<\/p>\n<p>The route crosses the places where Aragon was born, as a county dependent on the Carolingian Empire around the year 800; it also allowed the construction of bridges, monuments and buildings and great economic contributions.<\/p>\n<p>In addition to the French Way or via Toulouse, other routes led to Santiago de Compostela through Aragon, such as the Jacobean Way of the Ebro, the Maestrazgo Way or the one that runs through the Pyrenean somontano, all of which converge in the Ebro Valley and link up with the Logro\u00f1o Way.<\/p>\n\t\t\t\t\t\t\t\t<\/div>\n\t\t\t\t<\/div>\n\t\t\t\t\t<\/div>\n\t\t<\/div>\n\t\t\t\t<div class=\"elementor-column elementor-col-50 elementor-top-column elementor-element elementor-element-f0314b2\" data-id=\"f0314b2\" data-element_type=\"column\" data-e-type=\"column\" data-settings=\"{&quot;background_background&quot;:&quot;classic&quot;,&quot;animation&quot;:&quot;none&quot;}\">\n\t\t\t<div class=\"elementor-widget-wrap elementor-element-populated\">\n\t\t\t\t\t\t<div class=\"elementor-element elementor-element-1c213d0 elementor-widget elementor-widget-image\" data-id=\"1c213d0\" data-element_type=\"widget\" data-e-type=\"widget\" data-widget_type=\"image.default\">\n\t\t\t\t<div class=\"elementor-widget-container\">\n\t\t\t\t\t\t\t\t\t\t\t\t\t\t\t<img fetchpriority=\"high\" decoding=\"async\" width=\"667\" height=\"500\" src=\"https:\/\/caminodesantiagoporaragon.com\/wp-content\/uploads\/2021\/02\/Historia.jpg\" class=\"attachment-large size-large wp-image-6498\" alt=\"Historia\" srcset=\"https:\/\/caminodesantiagoporaragon.com\/wp-content\/uploads\/2021\/02\/Historia.jpg 667w, https:\/\/caminodesantiagoporaragon.com\/wp-content\/uploads\/2021\/02\/Historia-300x225.jpg 300w\" sizes=\"(max-width: 667px) 100vw, 667px\" \/>\t\t\t\t\t\t\t\t\t\t\t\t\t\t\t<\/div>\n\t\t\t\t<\/div>\n\t\t\t\t\t<\/div>\n\t\t<\/div>\n\t\t\t\t\t<\/div>\n\t\t<\/section>\n\t\t\t\t<section class=\"elementor-section elementor-top-section elementor-element elementor-element-73ec0a2 elementor-section-boxed elementor-section-height-default elementor-section-height-default\" data-id=\"73ec0a2\" data-element_type=\"section\" data-e-type=\"section\" data-settings=\"{&quot;background_background&quot;:&quot;classic&quot;}\">\n\t\t\t\t\t\t<div class=\"elementor-container elementor-column-gap-default\">\n\t\t\t\t\t<div class=\"elementor-column elementor-col-100 elementor-top-column elementor-element elementor-element-1ee1f07\" data-id=\"1ee1f07\" data-element_type=\"column\" data-e-type=\"column\">\n\t\t\t<div class=\"elementor-widget-wrap elementor-element-populated\">\n\t\t\t\t\t\t<div class=\"elementor-element elementor-element-d677af3 elementor-widget elementor-widget-heading\" data-id=\"d677af3\" data-element_type=\"widget\" data-e-type=\"widget\" data-widget_type=\"heading.default\">\n\t\t\t\t<div class=\"elementor-widget-container\">\n\t\t\t\t\t<h2 class=\"elementor-heading-title elementor-size-default\">The French method<\/h2>\t\t\t\t<\/div>\n\t\t\t\t<\/div>\n\t\t\t\t<div class=\"elementor-element elementor-element-764f61b elementor-widget elementor-widget-text-editor\" data-id=\"764f61b\" data-element_type=\"widget\" data-e-type=\"widget\" data-widget_type=\"text-editor.default\">\n\t\t\t\t<div class=\"elementor-widget-container\">\n\t\t\t\t\t\t\t\t\t<p>The so-called French route, an extension of the Via Tolosana, crossed the Pyrenees from Toulouse. The construction of the hospital of Santa Cristina and the fact that Jaca became the capital of Aragon and one of the main urban centres of the Pyrenees, meant that the route followed this route from the 11th century onwards. The French route through Aragon enjoyed its splendour during the medieval centuries and fell into disuse from the 16th century.<\/p>\n<p>Today, the Aragonese branch of the French or historical route remains the same thanks to the work of researchers or the interest of certain institutions and associations of friends of the route during the 20th century.<\/p>\n<p>In 1987, the Way of St. James was declared by the Council of Europe as a &#8220;European Cultural Route&#8221; and six years later, UNESCO granted it the category of World Heritage.<\/p>\n\t\t\t\t\t\t\t\t<\/div>\n\t\t\t\t<\/div>\n\t\t\t\t\t<\/div>\n\t\t<\/div>\n\t\t\t\t\t<\/div>\n\t\t<\/section>\n\t\t\t\t<\/div>\n\t\t","protected":false},"excerpt":{"rendered":"<p>The legend that placed the tomb of the apostle santiago at the ends of the world and its discovery in the iberian peninsula Heritage Landscape Gastronomy It forged the beginning of the pilgrim current that we now call the Way of St. James. The pilgrimage to Santiago helped to strengthen the link between the north [&hellip;]<\/p>\n","protected":false},"author":3,"featured_media":6502,"parent":0,"menu_order":0,"comment_status":"closed","ping_status":"closed","template":"","meta":{"footnotes":""},"class_list":["post-7000","page","type-page","status-publish","has-post-thumbnail","hentry"],"yoast_head":"<!-- This site is optimized with the Yoast SEO plugin v26.9 - https:\/\/yoast.com\/product\/yoast-seo-wordpress\/ -->\n<title>History - Camino de Santiago por Arag\u00f3n | Donde t\u00fa eres la estrella<\/title>\n<meta name=\"description\" content=\"The legend that placed the tomb of the apostle santiago at the ends of the world and its discovery in the iberian peninsula\" \/>\n<meta name=\"robots\" content=\"index, follow, max-snippet:-1, max-image-preview:large, max-video-preview:-1\" \/>\n<link rel=\"canonical\" href=\"https:\/\/caminodesantiagoporaragon.com\/en\/history\/\" \/>\n<meta property=\"og:locale\" content=\"en_US\" \/>\n<meta property=\"og:type\" content=\"article\" \/>\n<meta property=\"og:title\" content=\"History - Camino de Santiago por Arag\u00f3n | Donde t\u00fa eres la estrella\" \/>\n<meta property=\"og:description\" content=\"The legend that placed the tomb of the apostle santiago at the ends of the world and its discovery in the iberian peninsula\" \/>\n<meta property=\"og:url\" content=\"https:\/\/caminodesantiagoporaragon.com\/en\/history\/\" \/>\n<meta property=\"og:site_name\" content=\"Camino de Santiago por Arag\u00f3n | Donde t\u00fa eres la estrella\" \/>\n<meta property=\"article:publisher\" content=\"https:\/\/www.facebook.com\/caminodesantiagoporaragon\/\" \/>\n<meta property=\"article:modified_time\" content=\"2024-12-19T08:36:25+00:00\" \/>\n<meta property=\"og:image\" content=\"https:\/\/caminodesantiagoporaragon.com\/wp-content\/uploads\/2021\/02\/descarga-1-1.jpg\" \/>\n<meta name=\"twitter:card\" content=\"summary_large_image\" \/>\n<meta name=\"twitter:image\" content=\"https:\/\/caminodesantiagoporaragon.com\/wp-content\/uploads\/2021\/02\/descarga-1-1.jpg\" \/>\n<meta name=\"twitter:site\" content=\"@CSantiagoAragon\" \/>\n<meta name=\"twitter:label1\" content=\"Est. reading time\" \/>\n\t<meta name=\"twitter:data1\" content=\"2 minutes\" \/>\n<script type=\"application\/ld+json\" class=\"yoast-schema-graph\">{\"@context\":\"https:\/\/schema.org\",\"@graph\":[{\"@type\":\"WebPage\",\"@id\":\"https:\/\/caminodesantiagoporaragon.com\/en\/history\/\",\"url\":\"https:\/\/caminodesantiagoporaragon.com\/en\/history\/\",\"name\":\"History - Camino de Santiago por Arag\u00f3n | Donde t\u00fa eres la estrella\",\"isPartOf\":{\"@id\":\"https:\/\/caminodesantiagoporaragon.com\/en\/#website\"},\"primaryImageOfPage\":{\"@id\":\"https:\/\/caminodesantiagoporaragon.com\/en\/history\/#primaryimage\"},\"image\":{\"@id\":\"https:\/\/caminodesantiagoporaragon.com\/en\/history\/#primaryimage\"},\"thumbnailUrl\":\"https:\/\/caminodesantiagoporaragon.com\/wp-content\/uploads\/2021\/02\/descarga-1-1.jpg\",\"datePublished\":\"2021-02-17T10:46:34+00:00\",\"dateModified\":\"2024-12-19T08:36:25+00:00\",\"description\":\"The legend that placed the tomb of the apostle santiago at the ends of the world and its discovery in the iberian peninsula\",\"breadcrumb\":{\"@id\":\"https:\/\/caminodesantiagoporaragon.com\/en\/history\/#breadcrumb\"},\"inLanguage\":\"en-US\",\"potentialAction\":[{\"@type\":\"ReadAction\",\"target\":[\"https:\/\/caminodesantiagoporaragon.com\/en\/history\/\"]}]},{\"@type\":\"ImageObject\",\"inLanguage\":\"en-US\",\"@id\":\"https:\/\/caminodesantiagoporaragon.com\/en\/history\/#primaryimage\",\"url\":\"https:\/\/caminodesantiagoporaragon.com\/wp-content\/uploads\/2021\/02\/descarga-1-1.jpg\",\"contentUrl\":\"https:\/\/caminodesantiagoporaragon.com\/wp-content\/uploads\/2021\/02\/descarga-1-1.jpg\",\"width\":1600,\"height\":414,\"caption\":\"Camino de santiago, Spain, Direction Symbol\"},{\"@type\":\"BreadcrumbList\",\"@id\":\"https:\/\/caminodesantiagoporaragon.com\/en\/history\/#breadcrumb\",\"itemListElement\":[{\"@type\":\"ListItem\",\"position\":1,\"name\":\"Inicio\",\"item\":\"https:\/\/caminodesantiagoporaragon.com\/en\/\"},{\"@type\":\"ListItem\",\"position\":2,\"name\":\"History\"}]},{\"@type\":\"WebSite\",\"@id\":\"https:\/\/caminodesantiagoporaragon.com\/en\/#website\",\"url\":\"https:\/\/caminodesantiagoporaragon.com\/en\/\",\"name\":\"Camino de Santiago por Arag\u00f3n | Donde t\u00fa eres la estrella\",\"description\":\"El Camino de Santiago por Arag\u00f3n es nuestro legado. Bienvenidos a vivir, a disfrutar y comprender el camino franc\u00e9s por Arag\u00f3n, Patrimonio de la Humanidad.\",\"publisher\":{\"@id\":\"https:\/\/caminodesantiagoporaragon.com\/en\/#organization\"},\"potentialAction\":[{\"@type\":\"SearchAction\",\"target\":{\"@type\":\"EntryPoint\",\"urlTemplate\":\"https:\/\/caminodesantiagoporaragon.com\/en\/?s={search_term_string}\"},\"query-input\":{\"@type\":\"PropertyValueSpecification\",\"valueRequired\":true,\"valueName\":\"search_term_string\"}}],\"inLanguage\":\"en-US\"},{\"@type\":\"Organization\",\"@id\":\"https:\/\/caminodesantiagoporaragon.com\/en\/#organization\",\"name\":\"Turismo de Arag\u00f3n\",\"url\":\"https:\/\/caminodesantiagoporaragon.com\/en\/\",\"logo\":{\"@type\":\"ImageObject\",\"inLanguage\":\"en-US\",\"@id\":\"https:\/\/caminodesantiagoporaragon.com\/en\/#\/schema\/logo\/image\/\",\"url\":\"https:\/\/caminodesantiagoporaragon.com\/wp-content\/uploads\/2021\/07\/foro-profesionales-turismo-de-aragon.jpg\",\"contentUrl\":\"https:\/\/caminodesantiagoporaragon.com\/wp-content\/uploads\/2021\/07\/foro-profesionales-turismo-de-aragon.jpg\",\"width\":429,\"height\":415,\"caption\":\"Turismo de Arag\u00f3n\"},\"image\":{\"@id\":\"https:\/\/caminodesantiagoporaragon.com\/en\/#\/schema\/logo\/image\/\"},\"sameAs\":[\"https:\/\/www.facebook.com\/caminodesantiagoporaragon\/\",\"https:\/\/x.com\/CSantiagoAragon\",\"https:\/\/www.instagram.com\/caminodesantiagoporaragon\/\",\"https:\/\/www.youtube.com\/channel\/UCxJoNlG90Gi-WjTm24Jgkag\"]}]}<\/script>\n<!-- \/ Yoast SEO plugin. -->","yoast_head_json":{"title":"History - Camino de Santiago por Arag\u00f3n | Donde t\u00fa eres la estrella","description":"The legend that placed the tomb of the apostle santiago at the ends of the world and its discovery in the iberian peninsula","robots":{"index":"index","follow":"follow","max-snippet":"max-snippet:-1","max-image-preview":"max-image-preview:large","max-video-preview":"max-video-preview:-1"},"canonical":"https:\/\/caminodesantiagoporaragon.com\/en\/history\/","og_locale":"en_US","og_type":"article","og_title":"History - Camino de Santiago por Arag\u00f3n | Donde t\u00fa eres la estrella","og_description":"The legend that placed the tomb of the apostle santiago at the ends of the world and its discovery in the iberian peninsula","og_url":"https:\/\/caminodesantiagoporaragon.com\/en\/history\/","og_site_name":"Camino de Santiago por Arag\u00f3n | Donde t\u00fa eres la estrella","article_publisher":"https:\/\/www.facebook.com\/caminodesantiagoporaragon\/","article_modified_time":"2024-12-19T08:36:25+00:00","og_image":[{"url":"https:\/\/caminodesantiagoporaragon.com\/wp-content\/uploads\/2021\/02\/descarga-1-1.jpg","type":"","width":"","height":""}],"twitter_card":"summary_large_image","twitter_image":"https:\/\/caminodesantiagoporaragon.com\/wp-content\/uploads\/2021\/02\/descarga-1-1.jpg","twitter_site":"@CSantiagoAragon","twitter_misc":{"Est. reading time":"2 minutes"},"schema":{"@context":"https:\/\/schema.org","@graph":[{"@type":"WebPage","@id":"https:\/\/caminodesantiagoporaragon.com\/en\/history\/","url":"https:\/\/caminodesantiagoporaragon.com\/en\/history\/","name":"History - Camino de Santiago por Arag\u00f3n | Donde t\u00fa eres la estrella","isPartOf":{"@id":"https:\/\/caminodesantiagoporaragon.com\/en\/#website"},"primaryImageOfPage":{"@id":"https:\/\/caminodesantiagoporaragon.com\/en\/history\/#primaryimage"},"image":{"@id":"https:\/\/caminodesantiagoporaragon.com\/en\/history\/#primaryimage"},"thumbnailUrl":"https:\/\/caminodesantiagoporaragon.com\/wp-content\/uploads\/2021\/02\/descarga-1-1.jpg","datePublished":"2021-02-17T10:46:34+00:00","dateModified":"2024-12-19T08:36:25+00:00","description":"The legend that placed the tomb of the apostle santiago at the ends of the world and its discovery in the iberian peninsula","breadcrumb":{"@id":"https:\/\/caminodesantiagoporaragon.com\/en\/history\/#breadcrumb"},"inLanguage":"en-US","potentialAction":[{"@type":"ReadAction","target":["https:\/\/caminodesantiagoporaragon.com\/en\/history\/"]}]},{"@type":"ImageObject","inLanguage":"en-US","@id":"https:\/\/caminodesantiagoporaragon.com\/en\/history\/#primaryimage","url":"https:\/\/caminodesantiagoporaragon.com\/wp-content\/uploads\/2021\/02\/descarga-1-1.jpg","contentUrl":"https:\/\/caminodesantiagoporaragon.com\/wp-content\/uploads\/2021\/02\/descarga-1-1.jpg","width":1600,"height":414,"caption":"Camino de santiago, Spain, Direction Symbol"},{"@type":"BreadcrumbList","@id":"https:\/\/caminodesantiagoporaragon.com\/en\/history\/#breadcrumb","itemListElement":[{"@type":"ListItem","position":1,"name":"Inicio","item":"https:\/\/caminodesantiagoporaragon.com\/en\/"},{"@type":"ListItem","position":2,"name":"History"}]},{"@type":"WebSite","@id":"https:\/\/caminodesantiagoporaragon.com\/en\/#website","url":"https:\/\/caminodesantiagoporaragon.com\/en\/","name":"Camino de Santiago por Arag\u00f3n | Donde t\u00fa eres la estrella","description":"El Camino de Santiago por Arag\u00f3n es nuestro legado. Bienvenidos a vivir, a disfrutar y comprender el camino franc\u00e9s por Arag\u00f3n, Patrimonio de la Humanidad.","publisher":{"@id":"https:\/\/caminodesantiagoporaragon.com\/en\/#organization"},"potentialAction":[{"@type":"SearchAction","target":{"@type":"EntryPoint","urlTemplate":"https:\/\/caminodesantiagoporaragon.com\/en\/?s={search_term_string}"},"query-input":{"@type":"PropertyValueSpecification","valueRequired":true,"valueName":"search_term_string"}}],"inLanguage":"en-US"},{"@type":"Organization","@id":"https:\/\/caminodesantiagoporaragon.com\/en\/#organization","name":"Turismo de Arag\u00f3n","url":"https:\/\/caminodesantiagoporaragon.com\/en\/","logo":{"@type":"ImageObject","inLanguage":"en-US","@id":"https:\/\/caminodesantiagoporaragon.com\/en\/#\/schema\/logo\/image\/","url":"https:\/\/caminodesantiagoporaragon.com\/wp-content\/uploads\/2021\/07\/foro-profesionales-turismo-de-aragon.jpg","contentUrl":"https:\/\/caminodesantiagoporaragon.com\/wp-content\/uploads\/2021\/07\/foro-profesionales-turismo-de-aragon.jpg","width":429,"height":415,"caption":"Turismo de Arag\u00f3n"},"image":{"@id":"https:\/\/caminodesantiagoporaragon.com\/en\/#\/schema\/logo\/image\/"},"sameAs":["https:\/\/www.facebook.com\/caminodesantiagoporaragon\/","https:\/\/x.com\/CSantiagoAragon","https:\/\/www.instagram.com\/caminodesantiagoporaragon\/","https:\/\/www.youtube.com\/channel\/UCxJoNlG90Gi-WjTm24Jgkag"]}]}},"_links":{"self":[{"href":"https:\/\/caminodesantiagoporaragon.com\/en\/wp-json\/wp\/v2\/pages\/7000","targetHints":{"allow":["GET"]}}],"collection":[{"href":"https:\/\/caminodesantiagoporaragon.com\/en\/wp-json\/wp\/v2\/pages"}],"about":[{"href":"https:\/\/caminodesantiagoporaragon.com\/en\/wp-json\/wp\/v2\/types\/page"}],"author":[{"embeddable":true,"href":"https:\/\/caminodesantiagoporaragon.com\/en\/wp-json\/wp\/v2\/users\/3"}],"replies":[{"embeddable":true,"href":"https:\/\/caminodesantiagoporaragon.com\/en\/wp-json\/wp\/v2\/comments?post=7000"}],"version-history":[{"count":2,"href":"https:\/\/caminodesantiagoporaragon.com\/en\/wp-json\/wp\/v2\/pages\/7000\/revisions"}],"predecessor-version":[{"id":8776,"href":"https:\/\/caminodesantiagoporaragon.com\/en\/wp-json\/wp\/v2\/pages\/7000\/revisions\/8776"}],"wp:featuredmedia":[{"embeddable":true,"href":"https:\/\/caminodesantiagoporaragon.com\/en\/wp-json\/wp\/v2\/media\/6502"}],"wp:attachment":[{"href":"https:\/\/caminodesantiagoporaragon.com\/en\/wp-json\/wp\/v2\/media?parent=7000"}],"curies":[{"name":"wp","href":"https:\/\/api.w.org\/{rel}","templated":true}]}}