{"id":6772,"date":"2021-02-17T12:00:45","date_gmt":"2021-02-17T12:00:45","guid":{"rendered":"https:\/\/caminosantiago.msalaskreacion.es\/gastronomie\/"},"modified":"2021-08-17T09:55:35","modified_gmt":"2021-08-17T09:55:35","slug":"gastronomie","status":"publish","type":"page","link":"https:\/\/caminodesantiagoporaragon.com\/fr\/gastronomie\/","title":{"rendered":"Gastronomie"},"content":{"rendered":"\t\t<div data-elementor-type=\"wp-page\" data-elementor-id=\"6772\" class=\"elementor elementor-6772 elementor-3857\" data-elementor-post-type=\"page\">\n\t\t\t\t\t\t<section class=\"elementor-section elementor-top-section elementor-element elementor-element-7c35b39 elementor-section-height-min-height elementor-section-boxed elementor-section-height-default elementor-section-items-middle\" data-id=\"7c35b39\" data-element_type=\"section\" data-e-type=\"section\" data-settings=\"{&quot;background_background&quot;:&quot;gradient&quot;}\">\n\t\t\t\t\t\t\t<div class=\"elementor-background-overlay\"><\/div>\n\t\t\t\t\t\t\t<div class=\"elementor-container elementor-column-gap-default\">\n\t\t\t\t\t<div class=\"elementor-column elementor-col-100 elementor-top-column elementor-element elementor-element-f8c7c13\" data-id=\"f8c7c13\" data-element_type=\"column\" data-e-type=\"column\">\n\t\t\t<div class=\"elementor-widget-wrap elementor-element-populated\">\n\t\t\t\t\t\t<div class=\"elementor-element elementor-element-7e64cb3 elementor-widget elementor-widget-text-editor\" data-id=\"7e64cb3\" data-element_type=\"widget\" data-e-type=\"widget\" data-widget_type=\"text-editor.default\">\n\t\t\t\t<div class=\"elementor-widget-container\">\n\t\t\t\t\t\t\t\t\t<p>Des plats faits maison, des certificats d&rsquo;excellence, des friandises aux noms suggestifs: Jaques, Acherito ou Anayet<\/p>\n\t\t\t\t\t\t\t\t<\/div>\n\t\t\t\t<\/div>\n\t\t\t\t\t<\/div>\n\t\t<\/div>\n\t\t\t\t\t<\/div>\n\t\t<\/section>\n\t\t\t\t<section class=\"elementor-section elementor-top-section elementor-element elementor-element-b2a507d elementor-section-boxed elementor-section-height-default elementor-section-height-default\" data-id=\"b2a507d\" data-element_type=\"section\" data-e-type=\"section\" data-settings=\"{&quot;background_background&quot;:&quot;classic&quot;}\">\n\t\t\t\t\t\t<div class=\"elementor-container elementor-column-gap-default\">\n\t\t\t\t\t<div class=\"elementor-column elementor-col-100 elementor-top-column elementor-element elementor-element-4ffd0cb\" data-id=\"4ffd0cb\" data-element_type=\"column\" data-e-type=\"column\">\n\t\t\t<div class=\"elementor-widget-wrap elementor-element-populated\">\n\t\t\t\t\t\t<div class=\"elementor-element elementor-element-d1cded8 elementor-icon-list--layout-inline elementor-align-start elementor-mobile-align-start elementor-list-item-link-full_width elementor-widget elementor-widget-icon-list\" data-id=\"d1cded8\" data-element_type=\"widget\" data-e-type=\"widget\" data-widget_type=\"icon-list.default\">\n\t\t\t\t<div class=\"elementor-widget-container\">\n\t\t\t\t\t\t\t<ul class=\"elementor-icon-list-items elementor-inline-items\">\n\t\t\t\t\t\t\t<li class=\"elementor-icon-list-item elementor-inline-item\">\n\t\t\t\t\t\t\t\t\t\t\t<a href=\"https:\/\/caminodesantiagoporaragon.com\/historia\/\">\n\n\t\t\t\t\t\t\t\t\t\t\t\t<span class=\"elementor-icon-list-icon\">\n\t\t\t\t\t\t\t<i aria-hidden=\"true\" class=\"fas fa-chess-rook\"><\/i>\t\t\t\t\t\t<\/span>\n\t\t\t\t\t\t\t\t\t\t<span class=\"elementor-icon-list-text\">Histoire<\/span>\n\t\t\t\t\t\t\t\t\t\t\t<\/a>\n\t\t\t\t\t\t\t\t\t<\/li>\n\t\t\t\t\t\t\t\t<li class=\"elementor-icon-list-item elementor-inline-item\">\n\t\t\t\t\t\t\t\t\t\t\t<a href=\"https:\/\/caminodesantiagoporaragon.com\/patrimonio\/\">\n\n\t\t\t\t\t\t\t\t\t\t\t\t<span class=\"elementor-icon-list-icon\">\n\t\t\t\t\t\t\t<i aria-hidden=\"true\" class=\"fas fa-place-of-worship\"><\/i>\t\t\t\t\t\t<\/span>\n\t\t\t\t\t\t\t\t\t\t<span class=\"elementor-icon-list-text\">Heritage<\/span>\n\t\t\t\t\t\t\t\t\t\t\t<\/a>\n\t\t\t\t\t\t\t\t\t<\/li>\n\t\t\t\t\t\t\t\t<li class=\"elementor-icon-list-item elementor-inline-item\">\n\t\t\t\t\t\t\t\t\t\t\t<a href=\"https:\/\/caminodesantiagoporaragon.com\/medioambiente\/\">\n\n\t\t\t\t\t\t\t\t\t\t\t\t<span class=\"elementor-icon-list-icon\">\n\t\t\t\t\t\t\t<i aria-hidden=\"true\" class=\"fas fa-mountain\"><\/i>\t\t\t\t\t\t<\/span>\n\t\t\t\t\t\t\t\t\t\t<span class=\"elementor-icon-list-text\">Landscape<\/span>\n\t\t\t\t\t\t\t\t\t\t\t<\/a>\n\t\t\t\t\t\t\t\t\t<\/li>\n\t\t\t\t\t\t<\/ul>\n\t\t\t\t\t\t<\/div>\n\t\t\t\t<\/div>\n\t\t\t\t\t<\/div>\n\t\t<\/div>\n\t\t\t\t\t<\/div>\n\t\t<\/section>\n\t\t\t\t<section class=\"elementor-section elementor-top-section elementor-element elementor-element-ad5ac24 elementor-section-content-middle elementor-section-boxed elementor-section-height-default elementor-section-height-default\" data-id=\"ad5ac24\" data-element_type=\"section\" data-e-type=\"section\">\n\t\t\t\t\t\t<div class=\"elementor-container elementor-column-gap-default\">\n\t\t\t\t\t<div class=\"elementor-column elementor-col-50 elementor-top-column elementor-element elementor-element-d58a00d\" data-id=\"d58a00d\" data-element_type=\"column\" data-e-type=\"column\">\n\t\t\t<div class=\"elementor-widget-wrap elementor-element-populated\">\n\t\t\t\t\t\t<div class=\"elementor-element elementor-element-8a1d33e elementor-widget elementor-widget-text-editor\" data-id=\"8a1d33e\" data-element_type=\"widget\" data-e-type=\"widget\" data-widget_type=\"text-editor.default\">\n\t\t\t\t<div class=\"elementor-widget-container\">\n\t\t\t\t\t\t\t\t\t<p>Il y a peu d&rsquo;endroits o\u00f9 le paysage et la nature vont de pair comme sur le Camino de Santiago en Aragon.<\/p>\n<p>Boliches de Emb\u00fan, pois chiches de Santa Cruz de la Ser\u00f3s, chesitas de Hecho, fromages au lait cru de Villan\u00faa, saucisses de Berd\u00fan et pourquoi pas, bi\u00e8re artisanale.<\/p>\n<p>Viande, l\u00e9gumes et l\u00e9gumineuses. Truite de la rivi\u00e8re ou saucisses de l&rsquo;ancien Vidibonum, choux-fleurs avec pommes de terre d&rsquo;Arr\u00e9s et bon pain de Canfranc ou Santa Cilia. Caill\u00e9, confitures et miels. Pacharanes et myrtilles?<\/p>\n\t\t\t\t\t\t\t\t<\/div>\n\t\t\t\t<\/div>\n\t\t\t\t\t<\/div>\n\t\t<\/div>\n\t\t\t\t<div class=\"elementor-column elementor-col-50 elementor-top-column elementor-element elementor-element-4b79a22\" data-id=\"4b79a22\" data-element_type=\"column\" data-e-type=\"column\" data-settings=\"{&quot;background_background&quot;:&quot;classic&quot;,&quot;animation&quot;:&quot;none&quot;}\">\n\t\t\t<div class=\"elementor-widget-wrap elementor-element-populated\">\n\t\t\t\t\t\t<div class=\"elementor-element elementor-element-225aadc elementor-widget elementor-widget-image\" data-id=\"225aadc\" data-element_type=\"widget\" data-e-type=\"widget\" data-widget_type=\"image.default\">\n\t\t\t\t<div class=\"elementor-widget-container\">\n\t\t\t\t\t\t\t\t\t\t\t\t\t\t\t<img fetchpriority=\"high\" decoding=\"async\" width=\"1024\" height=\"725\" src=\"https:\/\/caminodesantiagoporaragon.com\/wp-content\/uploads\/2021\/02\/descarga-4-1-1024x725.jpg\" class=\"attachment-large size-large wp-image-6537\" alt=\"Gastronom\u00eda Ternasco Arag\u00f3n\" srcset=\"https:\/\/caminodesantiagoporaragon.com\/wp-content\/uploads\/2021\/02\/descarga-4-1-1024x725.jpg 1024w, https:\/\/caminodesantiagoporaragon.com\/wp-content\/uploads\/2021\/02\/descarga-4-1-300x213.jpg 300w, https:\/\/caminodesantiagoporaragon.com\/wp-content\/uploads\/2021\/02\/descarga-4-1-768x544.jpg 768w, https:\/\/caminodesantiagoporaragon.com\/wp-content\/uploads\/2021\/02\/descarga-4-1.jpg 1207w\" sizes=\"(max-width: 1024px) 100vw, 1024px\" \/>\t\t\t\t\t\t\t\t\t\t\t\t\t\t\t<\/div>\n\t\t\t\t<\/div>\n\t\t\t\t\t<\/div>\n\t\t<\/div>\n\t\t\t\t\t<\/div>\n\t\t<\/section>\n\t\t\t\t<section class=\"elementor-section elementor-top-section elementor-element elementor-element-55e6ff4 elementor-section-boxed elementor-section-height-default elementor-section-height-default\" data-id=\"55e6ff4\" data-element_type=\"section\" data-e-type=\"section\" data-settings=\"{&quot;background_background&quot;:&quot;classic&quot;}\">\n\t\t\t\t\t\t<div class=\"elementor-container elementor-column-gap-default\">\n\t\t\t\t\t<div class=\"elementor-column elementor-col-100 elementor-top-column elementor-element elementor-element-3820cd2\" data-id=\"3820cd2\" data-element_type=\"column\" data-e-type=\"column\">\n\t\t\t<div class=\"elementor-widget-wrap elementor-element-populated\">\n\t\t\t\t\t\t<div class=\"elementor-element elementor-element-2bca188 elementor-widget elementor-widget-heading\" data-id=\"2bca188\" data-element_type=\"widget\" data-e-type=\"widget\" data-widget_type=\"heading.default\">\n\t\t\t\t<div class=\"elementor-widget-container\">\n\t\t\t\t\t<h2 class=\"elementor-heading-title elementor-size-default\">Une cuisine populaire <\/h2>\t\t\t\t<\/div>\n\t\t\t\t<\/div>\n\t\t\t\t<div class=\"elementor-element elementor-element-452922a elementor-widget elementor-widget-text-editor\" data-id=\"452922a\" data-element_type=\"widget\" data-e-type=\"widget\" data-widget_type=\"text-editor.default\">\n\t\t\t\t<div class=\"elementor-widget-container\">\n\t\t\t\t\t\t\t\t\t<p>La gastronomie que l&rsquo;on trouve le long de ce tron\u00e7on du chemin de Saint-Jacques est une cuisine populaire bas\u00e9e sur les ingr\u00e9dients et le gibier locaux. Le fromage et les saucisses, c\u00e9l\u00e8bres pour leur production traditionnelle, sont quelques exemples des produits alimentaires les plus connus de la r\u00e9gion de Jacetania, que l&rsquo;on peut trouver tout au long de l&rsquo;ann\u00e9e dans les \u00e9tablissements de la r\u00e9gion. Le \u00ab\u00a0Lechal Ansotano\u00a0\u00bb, un agneau de haute qualit\u00e9 \u00e9lev\u00e9 uniquement au lait maternel et issu d&rsquo;une race autochtone, l&rsquo;Ansotana, r\u00e9cup\u00e9r\u00e9e apr\u00e8s avoir \u00e9t\u00e9 en danger d&rsquo;extinction, se distingue d\u00e9j\u00e0 sur le march\u00e9, avec sa propre marque.<\/p>\n<p>Elle est \u00e9galement c\u00e9l\u00e8bre pour la r\u00e9colte riche et vari\u00e9e du potager jacob\u00e9en et ses produits saisonniers tels que les asperges de Santa Cilia, la bourrache, les champignons et les myc\u00e8tes. La boulangerie et la p\u00e2tisserie sont \u00e9galement riches et vari\u00e9es et se trouvent dans les vieux fours \u00e0 bois de la plupart des villages de la Jacetania. Il convient \u00e9galement de mentionner les p\u00e2tisseries traditionnelles de Jaca, d&rsquo;une qualit\u00e9 \u00e9prouv\u00e9e.<\/p>\n<p>Aujourd&rsquo;hui, d&rsquo;autres produits saisonniers comme la truffe noire, une culture qui existe depuis quelques ann\u00e9es dans la zone du Canal de Berd\u00fan, gagnent du terrain.<\/p>\n\t\t\t\t\t\t\t\t<\/div>\n\t\t\t\t<\/div>\n\t\t\t\t\t<\/div>\n\t\t<\/div>\n\t\t\t\t\t<\/div>\n\t\t<\/section>\n\t\t\t\t<\/div>\n\t\t","protected":false},"excerpt":{"rendered":"<p>Des plats faits maison, des certificats d&rsquo;excellence, des friandises aux noms suggestifs: Jaques, Acherito ou Anayet Histoire Heritage Landscape Il y a peu d&rsquo;endroits o\u00f9 le paysage et la nature vont de pair comme sur le Camino de Santiago en Aragon. Boliches de Emb\u00fan, pois chiches de Santa Cruz de la Ser\u00f3s, chesitas de Hecho, [&hellip;]<\/p>\n","protected":false},"author":3,"featured_media":6537,"parent":0,"menu_order":0,"comment_status":"closed","ping_status":"closed","template":"","meta":{"footnotes":""},"class_list":["post-6772","page","type-page","status-publish","has-post-thumbnail","hentry"],"yoast_head":"<!-- This site is optimized with the Yoast SEO plugin v26.9 - https:\/\/yoast.com\/product\/yoast-seo-wordpress\/ -->\n<title>Gastronomie - Camino de Santiago por Arag\u00f3n | Donde t\u00fa eres la estrella<\/title>\n<meta name=\"robots\" content=\"index, follow, max-snippet:-1, max-image-preview:large, max-video-preview:-1\" \/>\n<link rel=\"canonical\" href=\"https:\/\/caminodesantiagoporaragon.com\/fr\/gastronomie\/\" \/>\n<meta property=\"og:locale\" content=\"fr_FR\" \/>\n<meta property=\"og:type\" content=\"article\" \/>\n<meta property=\"og:title\" content=\"Gastronomie - Camino de Santiago por Arag\u00f3n | Donde t\u00fa eres la estrella\" \/>\n<meta property=\"og:description\" content=\"Des plats faits maison, des certificats d&rsquo;excellence, des friandises aux noms suggestifs: Jaques, Acherito ou Anayet Histoire Heritage Landscape Il y a peu d&rsquo;endroits o\u00f9 le paysage et la nature vont de pair comme sur le Camino de Santiago en Aragon. Boliches de Emb\u00fan, pois chiches de Santa Cruz de la Ser\u00f3s, chesitas de Hecho, [&hellip;]\" \/>\n<meta property=\"og:url\" content=\"https:\/\/caminodesantiagoporaragon.com\/fr\/gastronomie\/\" \/>\n<meta property=\"og:site_name\" content=\"Camino de Santiago por Arag\u00f3n | Donde t\u00fa eres la estrella\" \/>\n<meta property=\"article:publisher\" content=\"https:\/\/www.facebook.com\/caminodesantiagoporaragon\/\" \/>\n<meta property=\"article:modified_time\" content=\"2021-08-17T09:55:35+00:00\" \/>\n<meta property=\"og:image\" content=\"https:\/\/caminodesantiagoporaragon.com\/wp-content\/uploads\/2021\/02\/descarga-4-1.jpg\" \/>\n\t<meta property=\"og:image:width\" content=\"1207\" \/>\n\t<meta property=\"og:image:height\" content=\"855\" \/>\n\t<meta property=\"og:image:type\" content=\"image\/jpeg\" \/>\n<meta name=\"twitter:card\" content=\"summary_large_image\" \/>\n<meta name=\"twitter:site\" content=\"@CSantiagoAragon\" \/>\n<meta name=\"twitter:label1\" content=\"Dur\u00e9e de lecture estim\u00e9e\" \/>\n\t<meta name=\"twitter:data1\" content=\"2 minutes\" \/>\n<script type=\"application\/ld+json\" class=\"yoast-schema-graph\">{\"@context\":\"https:\/\/schema.org\",\"@graph\":[{\"@type\":\"WebPage\",\"@id\":\"https:\/\/caminodesantiagoporaragon.com\/fr\/gastronomie\/\",\"url\":\"https:\/\/caminodesantiagoporaragon.com\/fr\/gastronomie\/\",\"name\":\"Gastronomie - Camino de Santiago por Arag\u00f3n | Donde t\u00fa eres la estrella\",\"isPartOf\":{\"@id\":\"https:\/\/caminodesantiagoporaragon.com\/fr\/#website\"},\"primaryImageOfPage\":{\"@id\":\"https:\/\/caminodesantiagoporaragon.com\/fr\/gastronomie\/#primaryimage\"},\"image\":{\"@id\":\"https:\/\/caminodesantiagoporaragon.com\/fr\/gastronomie\/#primaryimage\"},\"thumbnailUrl\":\"https:\/\/caminodesantiagoporaragon.com\/wp-content\/uploads\/2021\/02\/descarga-4-1.jpg\",\"datePublished\":\"2021-02-17T12:00:45+00:00\",\"dateModified\":\"2021-08-17T09:55:35+00:00\",\"breadcrumb\":{\"@id\":\"https:\/\/caminodesantiagoporaragon.com\/fr\/gastronomie\/#breadcrumb\"},\"inLanguage\":\"fr-FR\",\"potentialAction\":[{\"@type\":\"ReadAction\",\"target\":[\"https:\/\/caminodesantiagoporaragon.com\/fr\/gastronomie\/\"]}]},{\"@type\":\"ImageObject\",\"inLanguage\":\"fr-FR\",\"@id\":\"https:\/\/caminodesantiagoporaragon.com\/fr\/gastronomie\/#primaryimage\",\"url\":\"https:\/\/caminodesantiagoporaragon.com\/wp-content\/uploads\/2021\/02\/descarga-4-1.jpg\",\"contentUrl\":\"https:\/\/caminodesantiagoporaragon.com\/wp-content\/uploads\/2021\/02\/descarga-4-1.jpg\",\"width\":1207,\"height\":855,\"caption\":\"Gastronom\u00eda Ternasco Arag\u00f3n\"},{\"@type\":\"BreadcrumbList\",\"@id\":\"https:\/\/caminodesantiagoporaragon.com\/fr\/gastronomie\/#breadcrumb\",\"itemListElement\":[{\"@type\":\"ListItem\",\"position\":1,\"name\":\"Inicio\",\"item\":\"https:\/\/caminodesantiagoporaragon.com\/fr\/\"},{\"@type\":\"ListItem\",\"position\":2,\"name\":\"Gastronomie\"}]},{\"@type\":\"WebSite\",\"@id\":\"https:\/\/caminodesantiagoporaragon.com\/fr\/#website\",\"url\":\"https:\/\/caminodesantiagoporaragon.com\/fr\/\",\"name\":\"Camino de Santiago por Arag\u00f3n | Donde t\u00fa eres la estrella\",\"description\":\"El Camino de Santiago por Arag\u00f3n es nuestro legado. Bienvenidos a vivir, a disfrutar y comprender el camino franc\u00e9s por Arag\u00f3n, Patrimonio de la Humanidad.\",\"publisher\":{\"@id\":\"https:\/\/caminodesantiagoporaragon.com\/fr\/#organization\"},\"potentialAction\":[{\"@type\":\"SearchAction\",\"target\":{\"@type\":\"EntryPoint\",\"urlTemplate\":\"https:\/\/caminodesantiagoporaragon.com\/fr\/?s={search_term_string}\"},\"query-input\":{\"@type\":\"PropertyValueSpecification\",\"valueRequired\":true,\"valueName\":\"search_term_string\"}}],\"inLanguage\":\"fr-FR\"},{\"@type\":\"Organization\",\"@id\":\"https:\/\/caminodesantiagoporaragon.com\/fr\/#organization\",\"name\":\"Turismo de Arag\u00f3n\",\"url\":\"https:\/\/caminodesantiagoporaragon.com\/fr\/\",\"logo\":{\"@type\":\"ImageObject\",\"inLanguage\":\"fr-FR\",\"@id\":\"https:\/\/caminodesantiagoporaragon.com\/fr\/#\/schema\/logo\/image\/\",\"url\":\"https:\/\/caminodesantiagoporaragon.com\/wp-content\/uploads\/2021\/07\/foro-profesionales-turismo-de-aragon.jpg\",\"contentUrl\":\"https:\/\/caminodesantiagoporaragon.com\/wp-content\/uploads\/2021\/07\/foro-profesionales-turismo-de-aragon.jpg\",\"width\":429,\"height\":415,\"caption\":\"Turismo de Arag\u00f3n\"},\"image\":{\"@id\":\"https:\/\/caminodesantiagoporaragon.com\/fr\/#\/schema\/logo\/image\/\"},\"sameAs\":[\"https:\/\/www.facebook.com\/caminodesantiagoporaragon\/\",\"https:\/\/x.com\/CSantiagoAragon\",\"https:\/\/www.instagram.com\/caminodesantiagoporaragon\/\",\"https:\/\/www.youtube.com\/channel\/UCxJoNlG90Gi-WjTm24Jgkag\"]}]}<\/script>\n<!-- \/ Yoast SEO plugin. -->","yoast_head_json":{"title":"Gastronomie - Camino de Santiago por Arag\u00f3n | Donde t\u00fa eres la estrella","robots":{"index":"index","follow":"follow","max-snippet":"max-snippet:-1","max-image-preview":"max-image-preview:large","max-video-preview":"max-video-preview:-1"},"canonical":"https:\/\/caminodesantiagoporaragon.com\/fr\/gastronomie\/","og_locale":"fr_FR","og_type":"article","og_title":"Gastronomie - Camino de Santiago por Arag\u00f3n | Donde t\u00fa eres la estrella","og_description":"Des plats faits maison, des certificats d&rsquo;excellence, des friandises aux noms suggestifs: Jaques, Acherito ou Anayet Histoire Heritage Landscape Il y a peu d&rsquo;endroits o\u00f9 le paysage et la nature vont de pair comme sur le Camino de Santiago en Aragon. Boliches de Emb\u00fan, pois chiches de Santa Cruz de la Ser\u00f3s, chesitas de Hecho, [&hellip;]","og_url":"https:\/\/caminodesantiagoporaragon.com\/fr\/gastronomie\/","og_site_name":"Camino de Santiago por Arag\u00f3n | Donde t\u00fa eres la estrella","article_publisher":"https:\/\/www.facebook.com\/caminodesantiagoporaragon\/","article_modified_time":"2021-08-17T09:55:35+00:00","og_image":[{"width":1207,"height":855,"url":"https:\/\/caminodesantiagoporaragon.com\/wp-content\/uploads\/2021\/02\/descarga-4-1.jpg","type":"image\/jpeg"}],"twitter_card":"summary_large_image","twitter_site":"@CSantiagoAragon","twitter_misc":{"Dur\u00e9e de lecture estim\u00e9e":"2 minutes"},"schema":{"@context":"https:\/\/schema.org","@graph":[{"@type":"WebPage","@id":"https:\/\/caminodesantiagoporaragon.com\/fr\/gastronomie\/","url":"https:\/\/caminodesantiagoporaragon.com\/fr\/gastronomie\/","name":"Gastronomie - Camino de Santiago por Arag\u00f3n | Donde t\u00fa eres la estrella","isPartOf":{"@id":"https:\/\/caminodesantiagoporaragon.com\/fr\/#website"},"primaryImageOfPage":{"@id":"https:\/\/caminodesantiagoporaragon.com\/fr\/gastronomie\/#primaryimage"},"image":{"@id":"https:\/\/caminodesantiagoporaragon.com\/fr\/gastronomie\/#primaryimage"},"thumbnailUrl":"https:\/\/caminodesantiagoporaragon.com\/wp-content\/uploads\/2021\/02\/descarga-4-1.jpg","datePublished":"2021-02-17T12:00:45+00:00","dateModified":"2021-08-17T09:55:35+00:00","breadcrumb":{"@id":"https:\/\/caminodesantiagoporaragon.com\/fr\/gastronomie\/#breadcrumb"},"inLanguage":"fr-FR","potentialAction":[{"@type":"ReadAction","target":["https:\/\/caminodesantiagoporaragon.com\/fr\/gastronomie\/"]}]},{"@type":"ImageObject","inLanguage":"fr-FR","@id":"https:\/\/caminodesantiagoporaragon.com\/fr\/gastronomie\/#primaryimage","url":"https:\/\/caminodesantiagoporaragon.com\/wp-content\/uploads\/2021\/02\/descarga-4-1.jpg","contentUrl":"https:\/\/caminodesantiagoporaragon.com\/wp-content\/uploads\/2021\/02\/descarga-4-1.jpg","width":1207,"height":855,"caption":"Gastronom\u00eda Ternasco Arag\u00f3n"},{"@type":"BreadcrumbList","@id":"https:\/\/caminodesantiagoporaragon.com\/fr\/gastronomie\/#breadcrumb","itemListElement":[{"@type":"ListItem","position":1,"name":"Inicio","item":"https:\/\/caminodesantiagoporaragon.com\/fr\/"},{"@type":"ListItem","position":2,"name":"Gastronomie"}]},{"@type":"WebSite","@id":"https:\/\/caminodesantiagoporaragon.com\/fr\/#website","url":"https:\/\/caminodesantiagoporaragon.com\/fr\/","name":"Camino de Santiago por Arag\u00f3n | Donde t\u00fa eres la estrella","description":"El Camino de Santiago por Arag\u00f3n es nuestro legado. Bienvenidos a vivir, a disfrutar y comprender el camino franc\u00e9s por Arag\u00f3n, Patrimonio de la Humanidad.","publisher":{"@id":"https:\/\/caminodesantiagoporaragon.com\/fr\/#organization"},"potentialAction":[{"@type":"SearchAction","target":{"@type":"EntryPoint","urlTemplate":"https:\/\/caminodesantiagoporaragon.com\/fr\/?s={search_term_string}"},"query-input":{"@type":"PropertyValueSpecification","valueRequired":true,"valueName":"search_term_string"}}],"inLanguage":"fr-FR"},{"@type":"Organization","@id":"https:\/\/caminodesantiagoporaragon.com\/fr\/#organization","name":"Turismo de Arag\u00f3n","url":"https:\/\/caminodesantiagoporaragon.com\/fr\/","logo":{"@type":"ImageObject","inLanguage":"fr-FR","@id":"https:\/\/caminodesantiagoporaragon.com\/fr\/#\/schema\/logo\/image\/","url":"https:\/\/caminodesantiagoporaragon.com\/wp-content\/uploads\/2021\/07\/foro-profesionales-turismo-de-aragon.jpg","contentUrl":"https:\/\/caminodesantiagoporaragon.com\/wp-content\/uploads\/2021\/07\/foro-profesionales-turismo-de-aragon.jpg","width":429,"height":415,"caption":"Turismo de Arag\u00f3n"},"image":{"@id":"https:\/\/caminodesantiagoporaragon.com\/fr\/#\/schema\/logo\/image\/"},"sameAs":["https:\/\/www.facebook.com\/caminodesantiagoporaragon\/","https:\/\/x.com\/CSantiagoAragon","https:\/\/www.instagram.com\/caminodesantiagoporaragon\/","https:\/\/www.youtube.com\/channel\/UCxJoNlG90Gi-WjTm24Jgkag"]}]}},"_links":{"self":[{"href":"https:\/\/caminodesantiagoporaragon.com\/fr\/wp-json\/wp\/v2\/pages\/6772","targetHints":{"allow":["GET"]}}],"collection":[{"href":"https:\/\/caminodesantiagoporaragon.com\/fr\/wp-json\/wp\/v2\/pages"}],"about":[{"href":"https:\/\/caminodesantiagoporaragon.com\/fr\/wp-json\/wp\/v2\/types\/page"}],"author":[{"embeddable":true,"href":"https:\/\/caminodesantiagoporaragon.com\/fr\/wp-json\/wp\/v2\/users\/3"}],"replies":[{"embeddable":true,"href":"https:\/\/caminodesantiagoporaragon.com\/fr\/wp-json\/wp\/v2\/comments?post=6772"}],"version-history":[{"count":0,"href":"https:\/\/caminodesantiagoporaragon.com\/fr\/wp-json\/wp\/v2\/pages\/6772\/revisions"}],"wp:featuredmedia":[{"embeddable":true,"href":"https:\/\/caminodesantiagoporaragon.com\/fr\/wp-json\/wp\/v2\/media\/6537"}],"wp:attachment":[{"href":"https:\/\/caminodesantiagoporaragon.com\/fr\/wp-json\/wp\/v2\/media?parent=6772"}],"curies":[{"name":"wp","href":"https:\/\/api.w.org\/{rel}","templated":true}]}}