{"id":6785,"date":"2021-02-08T12:42:02","date_gmt":"2021-02-08T12:42:02","guid":{"rendered":"https:\/\/caminosantiago.msalaskreacion.es\/home\/"},"modified":"2021-08-19T11:22:15","modified_gmt":"2021-08-19T11:22:15","slug":"home","status":"publish","type":"page","link":"https:\/\/caminodesantiagoporaragon.com\/fr\/","title":{"rendered":"Home"},"content":{"rendered":"\t\t<div data-elementor-type=\"wp-page\" data-elementor-id=\"6785\" class=\"elementor elementor-6785 elementor-3608\" data-elementor-post-type=\"page\">\n\t\t\t\t\t\t<section class=\"elementor-section elementor-top-section elementor-element elementor-element-6eb69e2 elementor-section-height-min-height elementor-section-boxed elementor-section-height-default elementor-section-items-middle\" data-id=\"6eb69e2\" data-element_type=\"section\" data-e-type=\"section\" data-settings=\"{&quot;background_background&quot;:&quot;gradient&quot;}\">\n\t\t\t\t\t\t\t<div class=\"elementor-background-overlay\"><\/div>\n\t\t\t\t\t\t\t<div class=\"elementor-container elementor-column-gap-default\">\n\t\t\t\t\t<div class=\"elementor-column elementor-col-100 elementor-top-column elementor-element elementor-element-b010638\" data-id=\"b010638\" data-element_type=\"column\" data-e-type=\"column\">\n\t\t\t<div class=\"elementor-widget-wrap elementor-element-populated\">\n\t\t\t\t\t\t<div class=\"elementor-element elementor-element-8ae0184 elementor-widget elementor-widget-heading\" data-id=\"8ae0184\" data-element_type=\"widget\" data-e-type=\"widget\" data-widget_type=\"heading.default\">\n\t\t\t\t<div class=\"elementor-widget-container\">\n\t\t\t\t\t<h1 class=\"elementor-heading-title elementor-size-default\">Somport<\/h1>\t\t\t\t<\/div>\n\t\t\t\t<\/div>\n\t\t\t\t<div class=\"elementor-element elementor-element-9687e06 elementor-widget elementor-widget-heading\" data-id=\"9687e06\" data-element_type=\"widget\" data-e-type=\"widget\" data-widget_type=\"heading.default\">\n\t\t\t\t<div class=\"elementor-widget-container\">\n\t\t\t\t\t<h2 class=\"elementor-heading-title elementor-size-default\">Porte d'entr\u00e9e du chemin de Saint-Jacques<\/h2>\t\t\t\t<\/div>\n\t\t\t\t<\/div>\n\t\t\t\t\t<\/div>\n\t\t<\/div>\n\t\t\t\t\t<\/div>\n\t\t<\/section>\n\t\t\t\t<section class=\"elementor-section elementor-top-section elementor-element elementor-element-bb32244 elementor-section-boxed elementor-section-height-default elementor-section-height-default\" data-id=\"bb32244\" data-element_type=\"section\" data-e-type=\"section\">\n\t\t\t\t\t\t<div class=\"elementor-container elementor-column-gap-default\">\n\t\t\t\t\t<div class=\"elementor-column elementor-col-100 elementor-top-column elementor-element elementor-element-9b9cf5e\" data-id=\"9b9cf5e\" data-element_type=\"column\" data-e-type=\"column\">\n\t\t\t<div class=\"elementor-widget-wrap elementor-element-populated\">\n\t\t\t\t\t\t<div class=\"elementor-element elementor-element-d69660d elementor-widget elementor-widget-heading\" data-id=\"d69660d\" data-element_type=\"widget\" data-e-type=\"widget\" data-widget_type=\"heading.default\">\n\t\t\t\t<div class=\"elementor-widget-container\">\n\t\t\t\t\t<h2 class=\"elementor-heading-title elementor-size-default\">Pr\u00e9parer le voyage<\/h2>\t\t\t\t<\/div>\n\t\t\t\t<\/div>\n\t\t\t\t\t<\/div>\n\t\t<\/div>\n\t\t\t\t\t<\/div>\n\t\t<\/section>\n\t\t\t\t<section class=\"elementor-section elementor-top-section elementor-element elementor-element-8936a24 elementor-section-boxed elementor-section-height-default elementor-section-height-default\" data-id=\"8936a24\" data-element_type=\"section\" data-e-type=\"section\">\n\t\t\t\t\t\t<div class=\"elementor-container elementor-column-gap-default\">\n\t\t\t\t\t<div class=\"elementor-column elementor-col-33 elementor-top-column elementor-element elementor-element-3c255e6\" data-id=\"3c255e6\" data-element_type=\"column\" data-e-type=\"column\">\n\t\t\t<div class=\"elementor-widget-wrap elementor-element-populated\">\n\t\t\t\t\t\t<div class=\"elementor-element elementor-element-98062c9 elementor-widget elementor-widget-jet-banner\" data-id=\"98062c9\" data-element_type=\"widget\" data-e-type=\"widget\" data-widget_type=\"jet-banner.default\">\n\t\t\t\t<div class=\"elementor-widget-container\">\n\t\t\t\t\t<div class=\"elementor-jet-banner jet-elements\"><figure class=\"jet-banner jet-effect-lily\"><a href=\"https:\/\/caminodesantiagoporaragon.com\/andando\/\" class=\"jet-banner__link\"><div class=\"jet-banner__overlay\"><\/div><img decoding=\"async\" src=\"https:\/\/caminodesantiagoporaragon.com\/wp-content\/uploads\/2021\/04\/preparando-el-viaje.jpg\" alt=\"Preparando el viaje andando\" width=\"100%\" height=\"100%\" class=\"jet-banner__img\"><figcaption class=\"jet-banner__content\"><div class=\"jet-banner__content-wrap\"><h3 class=\"jet-banner__title\">Marche<\/h3><div class=\"jet-banner__text\">LA MEILLEURE P\u00c9RIODE DE L\u2019ANN\u00c9E POUR FAIRE LE CAMINO DE SANTIAGO EST D\u2019AVRIL \u00c0 JUIN ET LES MOIS DE SEPTEMBRE ET OCTOBRE...<\/div><\/div><\/figcaption><\/a><\/figure>\n<\/div>\t\t\t\t<\/div>\n\t\t\t\t<\/div>\n\t\t\t\t\t<\/div>\n\t\t<\/div>\n\t\t\t\t<div class=\"elementor-column elementor-col-33 elementor-top-column elementor-element elementor-element-4d2e29d\" data-id=\"4d2e29d\" data-element_type=\"column\" data-e-type=\"column\">\n\t\t\t<div class=\"elementor-widget-wrap elementor-element-populated\">\n\t\t\t\t\t\t<div class=\"elementor-element elementor-element-9be401b elementor-widget elementor-widget-jet-banner\" data-id=\"9be401b\" data-element_type=\"widget\" data-e-type=\"widget\" data-widget_type=\"jet-banner.default\">\n\t\t\t\t<div class=\"elementor-widget-container\">\n\t\t\t\t\t<div class=\"elementor-jet-banner jet-elements\"><figure class=\"jet-banner jet-effect-lily\"><a href=\"https:\/\/caminodesantiagoporaragon.com\/en-bici\/\" class=\"jet-banner__link\"><div class=\"jet-banner__overlay\"><\/div><img decoding=\"async\" src=\"https:\/\/caminodesantiagoporaragon.com\/wp-content\/uploads\/2021\/04\/preparando-el-viaje-home.jpg\" alt=\"Preparando el viaje en bici\" width=\"100%\" height=\"100%\" class=\"jet-banner__img\"><figcaption class=\"jet-banner__content\"><div class=\"jet-banner__content-wrap\"><h3 class=\"jet-banner__title\">\u00c0 v\u00e9lo<\/h3><div class=\"jet-banner__text\">LE PARCOURS JACOB\u00c9EN \u00c0 V\u00c9LO PR\u00c9SENTE DES CARACT\u00c9RISTIQUES PARTICULI\u00c8RES...<\/div><\/div><\/figcaption><\/a><\/figure>\n<\/div>\t\t\t\t<\/div>\n\t\t\t\t<\/div>\n\t\t\t\t\t<\/div>\n\t\t<\/div>\n\t\t\t\t<div class=\"elementor-column elementor-col-33 elementor-top-column elementor-element elementor-element-36cdcef\" data-id=\"36cdcef\" data-element_type=\"column\" data-e-type=\"column\">\n\t\t\t<div class=\"elementor-widget-wrap elementor-element-populated\">\n\t\t\t\t\t\t<div class=\"elementor-element elementor-element-6d72258 elementor-widget elementor-widget-jet-banner\" data-id=\"6d72258\" data-element_type=\"widget\" data-e-type=\"widget\" data-widget_type=\"jet-banner.default\">\n\t\t\t\t<div class=\"elementor-widget-container\">\n\t\t\t\t\t<div class=\"elementor-jet-banner jet-elements\"><figure class=\"jet-banner jet-effect-lily\"><a href=\"https:\/\/caminodesantiagoporaragon.com\/a-caballo\/\" class=\"jet-banner__link\"><div class=\"jet-banner__overlay\"><\/div><img decoding=\"async\" src=\"https:\/\/caminodesantiagoporaragon.com\/wp-content\/uploads\/2021\/06\/a-caballo-home-1-1.jpg\" alt=\"Preparando el viaje a caballo\" width=\"100%\" height=\"100%\" class=\"jet-banner__img\"><figcaption class=\"jet-banner__content\"><div class=\"jet-banner__content-wrap\"><h2 class=\"jet-banner__title\">\u00c0 chevaux<\/h2><div class=\"jet-banner__text\">PARCOURIR LE CAMINO DE SANTIAGO \u00c0 CHEVAL AJOUTE UNE NOUVELLE DIMENSION \u00c0 UNE EXP\u00c9RIENCE D\u00c9J\u00c0 INOUBLIABLE...<\/div><\/div><\/figcaption><\/a><\/figure>\n<\/div>\t\t\t\t<\/div>\n\t\t\t\t<\/div>\n\t\t\t\t\t<\/div>\n\t\t<\/div>\n\t\t\t\t\t<\/div>\n\t\t<\/section>\n\t\t\t\t<section class=\"elementor-section elementor-top-section elementor-element elementor-element-ea6a510 elementor-section-boxed elementor-section-height-default elementor-section-height-default\" data-id=\"ea6a510\" data-element_type=\"section\" data-e-type=\"section\" data-settings=\"{&quot;background_background&quot;:&quot;classic&quot;}\">\n\t\t\t\t\t\t<div class=\"elementor-container elementor-column-gap-default\">\n\t\t\t\t\t<div class=\"elementor-column elementor-col-100 elementor-top-column elementor-element elementor-element-9208d8c\" data-id=\"9208d8c\" data-element_type=\"column\" data-e-type=\"column\">\n\t\t\t<div class=\"elementor-widget-wrap elementor-element-populated\">\n\t\t\t\t\t\t<div class=\"elementor-element elementor-element-155e7bf elementor-widget elementor-widget-heading\" data-id=\"155e7bf\" data-element_type=\"widget\" data-e-type=\"widget\" data-widget_type=\"heading.default\">\n\t\t\t\t<div class=\"elementor-widget-container\">\n\t\t\t\t\t<h2 class=\"elementor-heading-title elementor-size-default\">Bienvenue dans un paysage vivant<\/h2>\t\t\t\t<\/div>\n\t\t\t\t<\/div>\n\t\t\t\t\t<\/div>\n\t\t<\/div>\n\t\t\t\t\t<\/div>\n\t\t<\/section>\n\t\t\t\t<section class=\"elementor-section elementor-top-section elementor-element elementor-element-b114855 elementor-section-boxed elementor-section-height-default elementor-section-height-default\" data-id=\"b114855\" data-element_type=\"section\" data-e-type=\"section\" data-settings=\"{&quot;background_background&quot;:&quot;classic&quot;}\">\n\t\t\t\t\t\t<div class=\"elementor-container elementor-column-gap-wide\">\n\t\t\t\t\t<div class=\"elementor-column elementor-col-50 elementor-top-column elementor-element elementor-element-149fbc9\" data-id=\"149fbc9\" data-element_type=\"column\" data-e-type=\"column\">\n\t\t\t<div class=\"elementor-widget-wrap elementor-element-populated\">\n\t\t\t\t\t\t<div class=\"elementor-element elementor-element-7cf041b elementor-widget elementor-widget-jet-banner\" data-id=\"7cf041b\" data-element_type=\"widget\" data-e-type=\"widget\" data-widget_type=\"jet-banner.default\">\n\t\t\t\t<div class=\"elementor-widget-container\">\n\t\t\t\t\t<div class=\"elementor-jet-banner jet-elements\"><figure class=\"jet-banner jet-effect-lily\"><a href=\"https:\/\/caminodesantiagoporaragon.com\/localidades\/\" class=\"jet-banner__link\"><div class=\"jet-banner__overlay\"><\/div><img decoding=\"async\" src=\"https:\/\/caminodesantiagoporaragon.com\/wp-content\/uploads\/2021\/07\/Localidades-foto-home.jpg\" alt=\"Camino de Santiago por Arag\u00f3n\" width=\"100%\" height=\"100%\" class=\"jet-banner__img\"><figcaption class=\"jet-banner__content\"><div class=\"jet-banner__content-wrap\"><h3 class=\"jet-banner__title\">Localites<\/h3><div class=\"jet-banner__text\">ARAGONESE - FRAN\u00c7AISE<\/div><\/div><\/figcaption><\/a><\/figure>\n<\/div>\t\t\t\t<\/div>\n\t\t\t\t<\/div>\n\t\t\t\t<div class=\"elementor-element elementor-element-fb12bdf elementor-widget elementor-widget-jet-banner\" data-id=\"fb12bdf\" data-element_type=\"widget\" data-e-type=\"widget\" data-widget_type=\"jet-banner.default\">\n\t\t\t\t<div class=\"elementor-widget-container\">\n\t\t\t\t\t<div class=\"elementor-jet-banner jet-elements\"><figure class=\"jet-banner jet-effect-lily\"><a href=\"https:\/\/caminodesantiagoporaragon.com\/disena-tus-etapas\/\" class=\"jet-banner__link\"><div class=\"jet-banner__overlay\"><\/div><img decoding=\"async\" src=\"https:\/\/caminodesantiagoporaragon.com\/wp-content\/uploads\/2021\/07\/disena-tus-etapas-home.jpg\" alt=\"Etapas del camino de Santiago por Arag\u00f3n\" width=\"100%\" height=\"100%\" class=\"jet-banner__img\"><figcaption class=\"jet-banner__content\"><div class=\"jet-banner__content-wrap\"><h3 class=\"jet-banner__title\">Concevez vos \u00e9tapes<\/h3><div class=\"jet-banner__text\">LE CHEMIN FRAN\u00c7AIS DE SANTIAGO PAR L'ARAGON. D\u00c9COUVREZ LA MAJEST\u00c9 DES PYR\u00c9N\u00c9ES. LAISSEZ-VOUS EMPORTER PAR LES HISTOIRES D'UN CHEMIN...<\/div><\/div><\/figcaption><\/a><\/figure>\n<\/div>\t\t\t\t<\/div>\n\t\t\t\t<\/div>\n\t\t\t\t\t<\/div>\n\t\t<\/div>\n\t\t\t\t<div class=\"elementor-column elementor-col-50 elementor-top-column elementor-element elementor-element-2cbe78d\" data-id=\"2cbe78d\" data-element_type=\"column\" data-e-type=\"column\">\n\t\t\t<div class=\"elementor-widget-wrap elementor-element-populated\">\n\t\t\t\t\t\t<div class=\"elementor-element elementor-element-e03b3c6 elementor-widget elementor-widget-jet-banner\" data-id=\"e03b3c6\" data-element_type=\"widget\" data-e-type=\"widget\" data-widget_type=\"jet-banner.default\">\n\t\t\t\t<div class=\"elementor-widget-container\">\n\t\t\t\t\t<div class=\"elementor-jet-banner jet-elements\"><figure class=\"jet-banner jet-effect-lily\"><a href=\"https:\/\/caminodesantiagoporaragon.com\/mapa-de-localidades\/\" class=\"jet-banner__link\"><div class=\"jet-banner__overlay\"><\/div><img decoding=\"async\" src=\"https:\/\/caminodesantiagoporaragon.com\/wp-content\/uploads\/2021\/07\/mapa-localidades-home-3.jpg\" alt=\"Mapa de todas las Localidades\" width=\"100%\" height=\"100%\" class=\"jet-banner__img\"><figcaption class=\"jet-banner__content\"><div class=\"jet-banner__content-wrap\"><h3 class=\"jet-banner__title\">Map des localit\u00e9s<\/h3><div class=\"jet-banner__text\">CHEMIN DE SAINT-JACQUES\r\nFRANCE - ARAGON<\/div><\/div><\/figcaption><\/a><\/figure>\n<\/div>\t\t\t\t<\/div>\n\t\t\t\t<\/div>\n\t\t\t\t<div class=\"elementor-element elementor-element-73d1b11 elementor-widget elementor-widget-jet-banner\" data-id=\"73d1b11\" data-element_type=\"widget\" data-e-type=\"widget\" data-widget_type=\"jet-banner.default\">\n\t\t\t\t<div class=\"elementor-widget-container\">\n\t\t\t\t\t<div class=\"elementor-jet-banner jet-elements\"><figure class=\"jet-banner jet-effect-lily\"><a href=\"https:\/\/caminodesantiagoporaragon.com\/conoce-el-camino\/\" class=\"jet-banner__link\"><div class=\"jet-banner__overlay\"><\/div><img decoding=\"async\" src=\"https:\/\/caminodesantiagoporaragon.com\/wp-content\/uploads\/2021\/07\/conoce-el-camino-home.jpg\" alt=\"Camino de Santiago Franc\u00e9s por Arag\u00f3n\" width=\"100%\" height=\"100%\" class=\"jet-banner__img\"><figcaption class=\"jet-banner__content\"><div class=\"jet-banner__content-wrap\"><h3 class=\"jet-banner__title\">Conna\u00eetre le chemin<\/h3><div class=\"jet-banner__text\">BIENVENUE DANS UN PAYSAGE VIVANT. LE CHEMIN FRAN\u00c7AIS DE SAINT-JACQUES-DE-COMPOSTELLE \u00c0 TRAVERS L\u2019ARAGON EST PLEIN DE PAYSAGES IMPRESSIONNANTS...<\/div><\/div><\/figcaption><\/a><\/figure>\n<\/div>\t\t\t\t<\/div>\n\t\t\t\t<\/div>\n\t\t\t\t\t<\/div>\n\t\t<\/div>\n\t\t\t\t\t<\/div>\n\t\t<\/section>\n\t\t\t\t<\/div>\n\t\t","protected":false},"excerpt":{"rendered":"<p>Somport Porte d&rsquo;entr\u00e9e du chemin de Saint-Jacques Pr\u00e9parer le voyage Marche LA MEILLEURE P\u00c9RIODE DE L\u2019ANN\u00c9E POUR FAIRE LE CAMINO DE SANTIAGO EST D\u2019AVRIL \u00c0 JUIN ET LES MOIS DE SEPTEMBRE ET OCTOBRE&#8230; \u00c0 v\u00e9lo LE PARCOURS JACOB\u00c9EN \u00c0 V\u00c9LO PR\u00c9SENTE DES CARACT\u00c9RISTIQUES PARTICULI\u00c8RES&#8230; \u00c0 chevaux PARCOURIR LE CAMINO DE SANTIAGO \u00c0 CHEVAL AJOUTE UNE [&hellip;]<\/p>\n","protected":false},"author":2,"featured_media":7361,"parent":0,"menu_order":0,"comment_status":"closed","ping_status":"closed","template":"elementor_header_footer","meta":{"footnotes":""},"class_list":["post-6785","page","type-page","status-publish","has-post-thumbnail","hentry"],"yoast_head":"<!-- This site is optimized with the Yoast SEO plugin v26.9 - https:\/\/yoast.com\/product\/yoast-seo-wordpress\/ -->\n<title>- Camino de Santiago por Arag\u00f3n | Donde t\u00fa eres la estrella<\/title>\n<meta name=\"robots\" content=\"index, follow, max-snippet:-1, max-image-preview:large, max-video-preview:-1\" \/>\n<link rel=\"canonical\" href=\"https:\/\/caminodesantiagoporaragon.com\/fr\/\" \/>\n<meta property=\"og:locale\" content=\"fr_FR\" \/>\n<meta property=\"og:type\" content=\"article\" \/>\n<meta property=\"og:title\" content=\"- Camino de Santiago por Arag\u00f3n | Donde t\u00fa eres la estrella\" \/>\n<meta property=\"og:description\" content=\"Somport Porte d&rsquo;entr\u00e9e du chemin de Saint-Jacques Pr\u00e9parer le voyage Marche LA MEILLEURE P\u00c9RIODE DE L\u2019ANN\u00c9E POUR FAIRE LE CAMINO DE SANTIAGO EST D\u2019AVRIL \u00c0 JUIN ET LES MOIS DE SEPTEMBRE ET OCTOBRE&#8230; \u00c0 v\u00e9lo LE PARCOURS JACOB\u00c9EN \u00c0 V\u00c9LO PR\u00c9SENTE DES CARACT\u00c9RISTIQUES PARTICULI\u00c8RES&#8230; \u00c0 chevaux PARCOURIR LE CAMINO DE SANTIAGO \u00c0 CHEVAL AJOUTE UNE [&hellip;]\" \/>\n<meta property=\"og:url\" content=\"https:\/\/caminodesantiagoporaragon.com\/fr\/\" \/>\n<meta property=\"og:site_name\" content=\"Camino de Santiago por Arag\u00f3n | Donde t\u00fa eres la estrella\" \/>\n<meta property=\"article:publisher\" content=\"https:\/\/www.facebook.com\/caminodesantiagoporaragon\/\" \/>\n<meta property=\"article:modified_time\" content=\"2021-08-19T11:22:15+00:00\" \/>\n<meta property=\"og:image\" content=\"https:\/\/caminodesantiagoporaragon.com\/wp-content\/uploads\/2021\/07\/descarga-34.jpg\" \/>\n\t<meta property=\"og:image:width\" content=\"1200\" \/>\n\t<meta property=\"og:image:height\" content=\"773\" \/>\n\t<meta property=\"og:image:type\" content=\"image\/jpeg\" \/>\n<meta name=\"twitter:card\" content=\"summary_large_image\" \/>\n<meta name=\"twitter:site\" content=\"@CSantiagoAragon\" \/>\n<meta name=\"twitter:label1\" content=\"Dur\u00e9e de lecture estim\u00e9e\" \/>\n\t<meta name=\"twitter:data1\" content=\"2 minutes\" \/>\n<script type=\"application\/ld+json\" class=\"yoast-schema-graph\">{\"@context\":\"https:\/\/schema.org\",\"@graph\":[{\"@type\":\"WebPage\",\"@id\":\"https:\/\/caminodesantiagoporaragon.com\/fr\/\",\"url\":\"https:\/\/caminodesantiagoporaragon.com\/fr\/\",\"name\":\"- Camino de Santiago por Arag\u00f3n | Donde t\u00fa eres la estrella\",\"isPartOf\":{\"@id\":\"https:\/\/caminodesantiagoporaragon.com\/fr\/#website\"},\"primaryImageOfPage\":{\"@id\":\"https:\/\/caminodesantiagoporaragon.com\/fr\/#primaryimage\"},\"image\":{\"@id\":\"https:\/\/caminodesantiagoporaragon.com\/fr\/#primaryimage\"},\"thumbnailUrl\":\"https:\/\/caminodesantiagoporaragon.com\/wp-content\/uploads\/2021\/07\/descarga-34.jpg\",\"datePublished\":\"2021-02-08T12:42:02+00:00\",\"dateModified\":\"2021-08-19T11:22:15+00:00\",\"breadcrumb\":{\"@id\":\"https:\/\/caminodesantiagoporaragon.com\/fr\/#breadcrumb\"},\"inLanguage\":\"fr-FR\",\"potentialAction\":[{\"@type\":\"ReadAction\",\"target\":[\"https:\/\/caminodesantiagoporaragon.com\/fr\/\"]}]},{\"@type\":\"ImageObject\",\"inLanguage\":\"fr-FR\",\"@id\":\"https:\/\/caminodesantiagoporaragon.com\/fr\/#primaryimage\",\"url\":\"https:\/\/caminodesantiagoporaragon.com\/wp-content\/uploads\/2021\/07\/descarga-34.jpg\",\"contentUrl\":\"https:\/\/caminodesantiagoporaragon.com\/wp-content\/uploads\/2021\/07\/descarga-34.jpg\",\"width\":1200,\"height\":773,\"caption\":\"Localidades home\"},{\"@type\":\"BreadcrumbList\",\"@id\":\"https:\/\/caminodesantiagoporaragon.com\/fr\/#breadcrumb\",\"itemListElement\":[{\"@type\":\"ListItem\",\"position\":1,\"name\":\"Inicio\",\"item\":\"https:\/\/caminodesantiagoporaragon.com\/fr\/\"},{\"@type\":\"ListItem\",\"position\":2,\"name\":\"Home\"}]},{\"@type\":\"WebSite\",\"@id\":\"https:\/\/caminodesantiagoporaragon.com\/fr\/#website\",\"url\":\"https:\/\/caminodesantiagoporaragon.com\/fr\/\",\"name\":\"Camino de Santiago por Arag\u00f3n | Donde t\u00fa eres la estrella\",\"description\":\"El Camino de Santiago por Arag\u00f3n es nuestro legado. Bienvenidos a vivir, a disfrutar y comprender el camino franc\u00e9s por Arag\u00f3n, Patrimonio de la Humanidad.\",\"publisher\":{\"@id\":\"https:\/\/caminodesantiagoporaragon.com\/fr\/#organization\"},\"potentialAction\":[{\"@type\":\"SearchAction\",\"target\":{\"@type\":\"EntryPoint\",\"urlTemplate\":\"https:\/\/caminodesantiagoporaragon.com\/fr\/?s={search_term_string}\"},\"query-input\":{\"@type\":\"PropertyValueSpecification\",\"valueRequired\":true,\"valueName\":\"search_term_string\"}}],\"inLanguage\":\"fr-FR\"},{\"@type\":\"Organization\",\"@id\":\"https:\/\/caminodesantiagoporaragon.com\/fr\/#organization\",\"name\":\"Turismo de Arag\u00f3n\",\"url\":\"https:\/\/caminodesantiagoporaragon.com\/fr\/\",\"logo\":{\"@type\":\"ImageObject\",\"inLanguage\":\"fr-FR\",\"@id\":\"https:\/\/caminodesantiagoporaragon.com\/fr\/#\/schema\/logo\/image\/\",\"url\":\"https:\/\/caminodesantiagoporaragon.com\/wp-content\/uploads\/2021\/07\/foro-profesionales-turismo-de-aragon.jpg\",\"contentUrl\":\"https:\/\/caminodesantiagoporaragon.com\/wp-content\/uploads\/2021\/07\/foro-profesionales-turismo-de-aragon.jpg\",\"width\":429,\"height\":415,\"caption\":\"Turismo de Arag\u00f3n\"},\"image\":{\"@id\":\"https:\/\/caminodesantiagoporaragon.com\/fr\/#\/schema\/logo\/image\/\"},\"sameAs\":[\"https:\/\/www.facebook.com\/caminodesantiagoporaragon\/\",\"https:\/\/x.com\/CSantiagoAragon\",\"https:\/\/www.instagram.com\/caminodesantiagoporaragon\/\",\"https:\/\/www.youtube.com\/channel\/UCxJoNlG90Gi-WjTm24Jgkag\"]}]}<\/script>\n<!-- \/ Yoast SEO plugin. -->","yoast_head_json":{"title":"- Camino de Santiago por Arag\u00f3n | Donde t\u00fa eres la estrella","robots":{"index":"index","follow":"follow","max-snippet":"max-snippet:-1","max-image-preview":"max-image-preview:large","max-video-preview":"max-video-preview:-1"},"canonical":"https:\/\/caminodesantiagoporaragon.com\/fr\/","og_locale":"fr_FR","og_type":"article","og_title":"- Camino de Santiago por Arag\u00f3n | Donde t\u00fa eres la estrella","og_description":"Somport Porte d&rsquo;entr\u00e9e du chemin de Saint-Jacques Pr\u00e9parer le voyage Marche LA MEILLEURE P\u00c9RIODE DE L\u2019ANN\u00c9E POUR FAIRE LE CAMINO DE SANTIAGO EST D\u2019AVRIL \u00c0 JUIN ET LES MOIS DE SEPTEMBRE ET OCTOBRE&#8230; \u00c0 v\u00e9lo LE PARCOURS JACOB\u00c9EN \u00c0 V\u00c9LO PR\u00c9SENTE DES CARACT\u00c9RISTIQUES PARTICULI\u00c8RES&#8230; \u00c0 chevaux PARCOURIR LE CAMINO DE SANTIAGO \u00c0 CHEVAL AJOUTE UNE [&hellip;]","og_url":"https:\/\/caminodesantiagoporaragon.com\/fr\/","og_site_name":"Camino de Santiago por Arag\u00f3n | Donde t\u00fa eres la estrella","article_publisher":"https:\/\/www.facebook.com\/caminodesantiagoporaragon\/","article_modified_time":"2021-08-19T11:22:15+00:00","og_image":[{"width":1200,"height":773,"url":"https:\/\/caminodesantiagoporaragon.com\/wp-content\/uploads\/2021\/07\/descarga-34.jpg","type":"image\/jpeg"}],"twitter_card":"summary_large_image","twitter_site":"@CSantiagoAragon","twitter_misc":{"Dur\u00e9e de lecture estim\u00e9e":"2 minutes"},"schema":{"@context":"https:\/\/schema.org","@graph":[{"@type":"WebPage","@id":"https:\/\/caminodesantiagoporaragon.com\/fr\/","url":"https:\/\/caminodesantiagoporaragon.com\/fr\/","name":"- Camino de Santiago por Arag\u00f3n | Donde t\u00fa eres la estrella","isPartOf":{"@id":"https:\/\/caminodesantiagoporaragon.com\/fr\/#website"},"primaryImageOfPage":{"@id":"https:\/\/caminodesantiagoporaragon.com\/fr\/#primaryimage"},"image":{"@id":"https:\/\/caminodesantiagoporaragon.com\/fr\/#primaryimage"},"thumbnailUrl":"https:\/\/caminodesantiagoporaragon.com\/wp-content\/uploads\/2021\/07\/descarga-34.jpg","datePublished":"2021-02-08T12:42:02+00:00","dateModified":"2021-08-19T11:22:15+00:00","breadcrumb":{"@id":"https:\/\/caminodesantiagoporaragon.com\/fr\/#breadcrumb"},"inLanguage":"fr-FR","potentialAction":[{"@type":"ReadAction","target":["https:\/\/caminodesantiagoporaragon.com\/fr\/"]}]},{"@type":"ImageObject","inLanguage":"fr-FR","@id":"https:\/\/caminodesantiagoporaragon.com\/fr\/#primaryimage","url":"https:\/\/caminodesantiagoporaragon.com\/wp-content\/uploads\/2021\/07\/descarga-34.jpg","contentUrl":"https:\/\/caminodesantiagoporaragon.com\/wp-content\/uploads\/2021\/07\/descarga-34.jpg","width":1200,"height":773,"caption":"Localidades home"},{"@type":"BreadcrumbList","@id":"https:\/\/caminodesantiagoporaragon.com\/fr\/#breadcrumb","itemListElement":[{"@type":"ListItem","position":1,"name":"Inicio","item":"https:\/\/caminodesantiagoporaragon.com\/fr\/"},{"@type":"ListItem","position":2,"name":"Home"}]},{"@type":"WebSite","@id":"https:\/\/caminodesantiagoporaragon.com\/fr\/#website","url":"https:\/\/caminodesantiagoporaragon.com\/fr\/","name":"Camino de Santiago por Arag\u00f3n | Donde t\u00fa eres la estrella","description":"El Camino de Santiago por Arag\u00f3n es nuestro legado. Bienvenidos a vivir, a disfrutar y comprender el camino franc\u00e9s por Arag\u00f3n, Patrimonio de la Humanidad.","publisher":{"@id":"https:\/\/caminodesantiagoporaragon.com\/fr\/#organization"},"potentialAction":[{"@type":"SearchAction","target":{"@type":"EntryPoint","urlTemplate":"https:\/\/caminodesantiagoporaragon.com\/fr\/?s={search_term_string}"},"query-input":{"@type":"PropertyValueSpecification","valueRequired":true,"valueName":"search_term_string"}}],"inLanguage":"fr-FR"},{"@type":"Organization","@id":"https:\/\/caminodesantiagoporaragon.com\/fr\/#organization","name":"Turismo de Arag\u00f3n","url":"https:\/\/caminodesantiagoporaragon.com\/fr\/","logo":{"@type":"ImageObject","inLanguage":"fr-FR","@id":"https:\/\/caminodesantiagoporaragon.com\/fr\/#\/schema\/logo\/image\/","url":"https:\/\/caminodesantiagoporaragon.com\/wp-content\/uploads\/2021\/07\/foro-profesionales-turismo-de-aragon.jpg","contentUrl":"https:\/\/caminodesantiagoporaragon.com\/wp-content\/uploads\/2021\/07\/foro-profesionales-turismo-de-aragon.jpg","width":429,"height":415,"caption":"Turismo de Arag\u00f3n"},"image":{"@id":"https:\/\/caminodesantiagoporaragon.com\/fr\/#\/schema\/logo\/image\/"},"sameAs":["https:\/\/www.facebook.com\/caminodesantiagoporaragon\/","https:\/\/x.com\/CSantiagoAragon","https:\/\/www.instagram.com\/caminodesantiagoporaragon\/","https:\/\/www.youtube.com\/channel\/UCxJoNlG90Gi-WjTm24Jgkag"]}]}},"_links":{"self":[{"href":"https:\/\/caminodesantiagoporaragon.com\/fr\/wp-json\/wp\/v2\/pages\/6785","targetHints":{"allow":["GET"]}}],"collection":[{"href":"https:\/\/caminodesantiagoporaragon.com\/fr\/wp-json\/wp\/v2\/pages"}],"about":[{"href":"https:\/\/caminodesantiagoporaragon.com\/fr\/wp-json\/wp\/v2\/types\/page"}],"author":[{"embeddable":true,"href":"https:\/\/caminodesantiagoporaragon.com\/fr\/wp-json\/wp\/v2\/users\/2"}],"replies":[{"embeddable":true,"href":"https:\/\/caminodesantiagoporaragon.com\/fr\/wp-json\/wp\/v2\/comments?post=6785"}],"version-history":[{"count":0,"href":"https:\/\/caminodesantiagoporaragon.com\/fr\/wp-json\/wp\/v2\/pages\/6785\/revisions"}],"wp:featuredmedia":[{"embeddable":true,"href":"https:\/\/caminodesantiagoporaragon.com\/fr\/wp-json\/wp\/v2\/media\/7361"}],"wp:attachment":[{"href":"https:\/\/caminodesantiagoporaragon.com\/fr\/wp-json\/wp\/v2\/media?parent=6785"}],"curies":[{"name":"wp","href":"https:\/\/api.w.org\/{rel}","templated":true}]}}