{"id":7145,"date":"2021-05-25T18:00:41","date_gmt":"2021-05-25T18:00:41","guid":{"rendered":"https:\/\/caminosantiago.msalaskreacion.es\/map-localites\/"},"modified":"2024-06-30T10:57:27","modified_gmt":"2024-06-30T10:57:27","slug":"map-localites","status":"publish","type":"page","link":"https:\/\/caminodesantiagoporaragon.com\/fr\/map-localites\/","title":{"rendered":"carte localites"},"content":{"rendered":"\t\t<div data-elementor-type=\"wp-page\" data-elementor-id=\"7145\" class=\"elementor elementor-7145 elementor-5771\" data-elementor-post-type=\"page\">\n\t\t\t\t\t\t<section class=\"elementor-section elementor-top-section elementor-element elementor-element-40e4f89 elementor-section-content-top elementor-section-full_width elementor-section-height-default elementor-section-height-default\" data-id=\"40e4f89\" data-element_type=\"section\" data-e-type=\"section\" data-settings=\"{&quot;background_background&quot;:&quot;classic&quot;}\">\n\t\t\t\t\t\t<div class=\"elementor-container elementor-column-gap-default\">\n\t\t\t\t\t<div class=\"elementor-column elementor-col-50 elementor-top-column elementor-element elementor-element-82c19e8\" data-id=\"82c19e8\" data-element_type=\"column\" data-e-type=\"column\" data-settings=\"{&quot;background_background&quot;:&quot;classic&quot;}\">\n\t\t\t<div class=\"elementor-widget-wrap elementor-element-populated\">\n\t\t\t\t\t\t<div class=\"elementor-element elementor-element-8e40e27 elementor-widget elementor-widget-heading\" data-id=\"8e40e27\" data-element_type=\"widget\" data-e-type=\"widget\" data-widget_type=\"heading.default\">\n\t\t\t\t<div class=\"elementor-widget-container\">\n\t\t\t\t\t<h1 class=\"elementor-heading-title elementor-size-default\">Chemin de Saint-Jacques<\/h1>\t\t\t\t<\/div>\n\t\t\t\t<\/div>\n\t\t\t\t<div class=\"elementor-element elementor-element-01c7353 elementor-widget elementor-widget-heading\" data-id=\"01c7353\" data-element_type=\"widget\" data-e-type=\"widget\" data-widget_type=\"heading.default\">\n\t\t\t\t<div class=\"elementor-widget-container\">\n\t\t\t\t\t<span class=\"elementor-heading-title elementor-size-default\">France \/ Aragon<\/span>\t\t\t\t<\/div>\n\t\t\t\t<\/div>\n\t\t\t\t<div class=\"elementor-element elementor-element-7c97f29 elementor-widget elementor-widget-heading\" data-id=\"7c97f29\" data-element_type=\"widget\" data-e-type=\"widget\" data-widget_type=\"heading.default\">\n\t\t\t\t<div class=\"elementor-widget-container\">\n\t\t\t\t\t<h2 class=\"elementor-heading-title elementor-size-default\">Localites<\/h2>\t\t\t\t<\/div>\n\t\t\t\t<\/div>\n\t\t\t\t<div class=\"elementor-element elementor-element-51b8bbb elementor-widget elementor-widget-jet-smart-filters-radio\" data-id=\"51b8bbb\" data-element_type=\"widget\" data-e-type=\"widget\" data-widget_type=\"jet-smart-filters-radio.default\">\n\t\t\t\t<div class=\"elementor-widget-container\">\n\t\t\t\t\t<div class=\"jet-smart-filters-radio jet-filter \" data-indexer-rule=\"show\" data-show-counter=\"\" data-change-counter=\"always\"><div class=\"jet-radio-list\" data-query-type=\"tax_query\" data-query-var=\"zona\" data-smart-filter=\"radio\" data-filter-id=\"7480\" data-apply-type=\"mixed\" data-content-provider=\"jet-engine-maps\" data-additional-providers=\"\" data-query-id=\"default\" data-active-label=\"Filtro localidades check-fr\" data-layout-options=\"{&quot;show_label&quot;:&quot;&quot;,&quot;display_options&quot;:{&quot;show_items_label&quot;:false,&quot;show_decorator&quot;:&quot;yes&quot;,&quot;filter_image_size&quot;:&quot;full&quot;,&quot;show_counter&quot;:false}}\" data-query-var-suffix=\"\" data-apply-on=\"value\"><form class=\"jet-radio-list-wrapper\"><fieldset><legend style=\"display:none;\">Filtro localidades check-fr<\/legend><div class=\"jet-radio-list__row jet-filter-row\">\n\t\t<label class=\"jet-radio-list__item\" >\n\t\t<input\n\t\t\ttype=\"radio\"\n\t\t\tclass=\"jet-radio-list__input\"\n\t\t\tname=\"zona\"\n\t\t\tvalue=\"all\"\n\t\t\tdata-label=\"Tous\"\n\t\t\t\t\t\taria-label=\"Tous\"\n\t\t\t\t\t>\n\t\t<div class=\"jet-radio-list__button\">\n\t\t\t\t\t\t\t<span class=\"jet-radio-list__decorator\">\n\t\t\t\t\t<i class=\"jet-radio-list__checked-icon\"><svg width=\"28\" height=\"28\" viewBox=\"0 0 28 28\" xmlns=\"http:\/\/www.w3.org\/2000\/svg\">\n\t<path d=\"M26.109 8.844c0 0.391-0.156 0.781-0.438 1.062l-13.438 13.438c-0.281 0.281-0.672 0.438-1.062 0.438s-0.781-0.156-1.062-0.438l-7.781-7.781c-0.281-0.281-0.438-0.672-0.438-1.062s0.156-0.781 0.438-1.062l2.125-2.125c0.281-0.281 0.672-0.438 1.062-0.438s0.781 0.156 1.062 0.438l4.594 4.609 10.25-10.266c0.281-0.281 0.672-0.438 1.062-0.438s0.781 0.156 1.062 0.438l2.125 2.125c0.281 0.281 0.438 0.672 0.438 1.062z\"><\/path>\n<\/svg>\n<\/i>\n\t\t\t\t<\/span>\n\t\t\t\t\t\t<span class=\"jet-radio-list__label\">Tous<\/span>\n\t\t\t\t\t<\/div>\n\t<\/label>\n<\/div>\n<div class=\"jet-radio-list__row jet-filter-row\">\n\t\t<label class=\"jet-radio-list__item\" >\n\t\t<input\n\t\t\ttype=\"radio\"\n\t\t\tclass=\"jet-radio-list__input\"\n\t\t\tname=\"zona\"\n\t\t\tvalue=\"43\"\n\t\t\tdata-label=\"Localit\u00e9s d&#039;Aragon\"\n\t\t\t\t\t\taria-label=\"Localit\u00e9s d&#039;Aragon\"\n\t\t\t\t\t>\n\t\t<div class=\"jet-radio-list__button\">\n\t\t\t\t\t\t\t<span class=\"jet-radio-list__decorator\">\n\t\t\t\t\t<i class=\"jet-radio-list__checked-icon\"><svg width=\"28\" height=\"28\" viewBox=\"0 0 28 28\" xmlns=\"http:\/\/www.w3.org\/2000\/svg\">\n\t<path d=\"M26.109 8.844c0 0.391-0.156 0.781-0.438 1.062l-13.438 13.438c-0.281 0.281-0.672 0.438-1.062 0.438s-0.781-0.156-1.062-0.438l-7.781-7.781c-0.281-0.281-0.438-0.672-0.438-1.062s0.156-0.781 0.438-1.062l2.125-2.125c0.281-0.281 0.672-0.438 1.062-0.438s0.781 0.156 1.062 0.438l4.594 4.609 10.25-10.266c0.281-0.281 0.672-0.438 1.062-0.438s0.781 0.156 1.062 0.438l2.125 2.125c0.281 0.281 0.438 0.672 0.438 1.062z\"><\/path>\n<\/svg>\n<\/i>\n\t\t\t\t<\/span>\n\t\t\t\t\t\t<span class=\"jet-radio-list__label\">Localit\u00e9s d&#039;Aragon<\/span>\n\t\t\t\t\t<\/div>\n\t<\/label>\n<\/div>\n<div class=\"jet-radio-list__row jet-filter-row\">\n\t\t<label class=\"jet-radio-list__item\" >\n\t\t<input\n\t\t\ttype=\"radio\"\n\t\t\tclass=\"jet-radio-list__input\"\n\t\t\tname=\"zona\"\n\t\t\tvalue=\"44\"\n\t\t\tdata-label=\"Villes de France\"\n\t\t\t\t\t\taria-label=\"Villes de France\"\n\t\t\t\t\t>\n\t\t<div class=\"jet-radio-list__button\">\n\t\t\t\t\t\t\t<span class=\"jet-radio-list__decorator\">\n\t\t\t\t\t<i class=\"jet-radio-list__checked-icon\"><svg width=\"28\" height=\"28\" viewBox=\"0 0 28 28\" xmlns=\"http:\/\/www.w3.org\/2000\/svg\">\n\t<path d=\"M26.109 8.844c0 0.391-0.156 0.781-0.438 1.062l-13.438 13.438c-0.281 0.281-0.672 0.438-1.062 0.438s-0.781-0.156-1.062-0.438l-7.781-7.781c-0.281-0.281-0.438-0.672-0.438-1.062s0.156-0.781 0.438-1.062l2.125-2.125c0.281-0.281 0.672-0.438 1.062-0.438s0.781 0.156 1.062 0.438l4.594 4.609 10.25-10.266c0.281-0.281 0.672-0.438 1.062-0.438s0.781 0.156 1.062 0.438l2.125 2.125c0.281 0.281 0.438 0.672 0.438 1.062z\"><\/path>\n<\/svg>\n<\/i>\n\t\t\t\t<\/span>\n\t\t\t\t\t\t<span class=\"jet-radio-list__label\">Villes de France<\/span>\n\t\t\t\t\t<\/div>\n\t<\/label>\n<\/div>\n<\/fieldset><\/form><\/div>\n<\/div>\t\t\t\t<\/div>\n\t\t\t\t<\/div>\n\t\t\t\t\t<\/div>\n\t\t<\/div>\n\t\t\t\t<div class=\"elementor-column elementor-col-50 elementor-top-column elementor-element elementor-element-ca39f0d\" data-id=\"ca39f0d\" data-element_type=\"column\" data-e-type=\"column\">\n\t\t\t<div class=\"elementor-widget-wrap elementor-element-populated\">\n\t\t\t\t\t\t<div class=\"elementor-element elementor-element-179845b elementor-widget elementor-widget-jet-engine-maps-listing\" data-id=\"179845b\" data-element_type=\"widget\" data-e-type=\"widget\" data-widget_type=\"jet-engine-maps-listing.default\">\n\t\t\t\t<div class=\"elementor-widget-container\">\n\t\t\t\t\t<div class=\"jet-map-listing jet-listing-grid--5764 popup-has-pin google-provider\" data-init=\"{&quot;zoomControl&quot;:true,&quot;fullscreenControl&quot;:true,&quot;streetViewControl&quot;:true,&quot;mapTypeControl&quot;:true}\" data-markers=\"[{&quot;id&quot;:6972,&quot;latLang&quot;:{&quot;lat&quot;:&quot;42.90917&quot;,&quot;lng&quot;:&quot;-0.572785&quot;},&quot;label&quot;:&quot;Borce&quot;,&quot;custom_marker&quot;:false,&quot;geo_query_distance&quot;:-1},{&quot;id&quot;:6970,&quot;latLang&quot;:{&quot;lat&quot;:&quot;42.999166&quot;,&quot;lng&quot;:&quot;-0.600511&quot;},&quot;label&quot;:&quot;Bedous&quot;,&quot;custom_marker&quot;:false,&quot;geo_query_distance&quot;:-1},{&quot;id&quot;:6968,&quot;latLang&quot;:{&quot;lat&quot;:&quot;43.194413&quot;,&quot;lng&quot;:&quot;-0.605292&quot;},&quot;label&quot;:&quot;Oloron-Sainte-Marie&quot;,&quot;custom_marker&quot;:false,&quot;geo_query_distance&quot;:-1},{&quot;id&quot;:6966,&quot;latLang&quot;:{&quot;lat&quot;:&quot;43.277033&quot;,&quot;lng&quot;:&quot;-0.508814&quot;},&quot;label&quot;:&quot;Lacommande&quot;,&quot;custom_marker&quot;:false,&quot;geo_query_distance&quot;:-1},{&quot;id&quot;:6962,&quot;latLang&quot;:{&quot;lat&quot;:&quot;43.333177&quot;,&quot;lng&quot;:&quot;-0.434402&quot;},&quot;label&quot;:&quot;Lescar&quot;,&quot;custom_marker&quot;:false,&quot;geo_query_distance&quot;:-1},{&quot;id&quot;:6959,&quot;latLang&quot;:{&quot;lat&quot;:&quot;43.3453019&quot;,&quot;lng&quot;:&quot;-0.26266&quot;},&quot;label&quot;:&quot;Morlaas&quot;,&quot;custom_marker&quot;:false,&quot;geo_query_distance&quot;:-1},{&quot;id&quot;:6957,&quot;latLang&quot;:{&quot;lat&quot;:&quot;43.394099&quot;,&quot;lng&quot;:&quot;-0.138521&quot;},&quot;label&quot;:&quot;Anoye&quot;,&quot;custom_marker&quot;:false,&quot;geo_query_distance&quot;:-1},{&quot;id&quot;:6955,&quot;latLang&quot;:{&quot;lat&quot;:&quot;43.455713&quot;,&quot;lng&quot;:&quot;-0.015667&quot;},&quot;label&quot;:&quot;Lahitte-Toupi\\u00e9re&quot;,&quot;custom_marker&quot;:false,&quot;geo_query_distance&quot;:-1},{&quot;id&quot;:6924,&quot;latLang&quot;:{&quot;lat&quot;:&quot;42.5652333&quot;,&quot;lng&quot;:&quot;-1.169498&quot;},&quot;label&quot;:&quot;Undu\\u00e9s de Lerda&quot;,&quot;custom_marker&quot;:false,&quot;geo_query_distance&quot;:-1},{&quot;id&quot;:6918,&quot;latLang&quot;:{&quot;lat&quot;:&quot;42.5882062&quot;,&quot;lng&quot;:&quot;-1.0747782&quot;},&quot;label&quot;:&quot;Ruesta&quot;,&quot;custom_marker&quot;:false,&quot;geo_query_distance&quot;:-1},{&quot;id&quot;:6916,&quot;latLang&quot;:{&quot;lat&quot;:&quot;42.5863891&quot;,&quot;lng&quot;:&quot;-0.9835574&quot;},&quot;label&quot;:&quot;Artieda&quot;,&quot;custom_marker&quot;:false,&quot;geo_query_distance&quot;:-1},{&quot;id&quot;:6910,&quot;latLang&quot;:{&quot;lat&quot;:&quot;42.5834567&quot;,&quot;lng&quot;:&quot;-0.953697&quot;},&quot;label&quot;:&quot;Mianos&quot;,&quot;custom_marker&quot;:false,&quot;geo_query_distance&quot;:-1},{&quot;id&quot;:6906,&quot;latLang&quot;:{&quot;lat&quot;:&quot;42.5726308&quot;,&quot;lng&quot;:&quot;-0.8907562&quot;},&quot;label&quot;:&quot;Martes&quot;,&quot;custom_marker&quot;:false,&quot;geo_query_distance&quot;:-1},{&quot;id&quot;:6902,&quot;latLang&quot;:{&quot;lat&quot;:&quot;42.5548839&quot;,&quot;lng&quot;:&quot;-0.8265729&quot;},&quot;label&quot;:&quot;Arr\\u00e9s&quot;,&quot;custom_marker&quot;:false,&quot;geo_query_distance&quot;:-1},{&quot;id&quot;:6900,&quot;latLang&quot;:{&quot;lat&quot;:&quot;42.5586836&quot;,&quot;lng&quot;:&quot;-0.7871602&quot;},&quot;label&quot;:&quot;Puente la Reina de Jaca&quot;,&quot;custom_marker&quot;:false,&quot;geo_query_distance&quot;:-1},{&quot;id&quot;:6894,&quot;latLang&quot;:{&quot;lat&quot;:&quot;42.5600449&quot;,&quot;lng&quot;:&quot;-0.714257&quot;},&quot;label&quot;:&quot;Santa Cilia\\\/Zilia&quot;,&quot;custom_marker&quot;:false,&quot;geo_query_distance&quot;:-1},{&quot;id&quot;:6890,&quot;latLang&quot;:{&quot;lat&quot;:&quot;42.5717166&quot;,&quot;lng&quot;:&quot;-0.5470554&quot;},&quot;label&quot;:&quot;Jaca&quot;,&quot;custom_marker&quot;:false,&quot;geo_query_distance&quot;:-1},{&quot;id&quot;:6884,&quot;latLang&quot;:{&quot;lat&quot;:&quot;42.6295603&quot;,&quot;lng&quot;:&quot;-0.5497154&quot;},&quot;label&quot;:&quot;Castiello de Jaca&quot;,&quot;custom_marker&quot;:false,&quot;geo_query_distance&quot;:-1},{&quot;id&quot;:6882,&quot;latLang&quot;:{&quot;lat&quot;:&quot;42.6794631&quot;,&quot;lng&quot;:&quot;-0.5375993&quot;},&quot;label&quot;:&quot;Villan\\u00faa&quot;,&quot;custom_marker&quot;:false,&quot;geo_query_distance&quot;:-1},{&quot;id&quot;:6864,&quot;latLang&quot;:{&quot;lat&quot;:&quot;42.71649&quot;,&quot;lng&quot;:&quot;-0.5254869&quot;},&quot;label&quot;:&quot;Canfranc&quot;,&quot;custom_marker&quot;:false,&quot;geo_query_distance&quot;:-1},{&quot;id&quot;:6858,&quot;latLang&quot;:{&quot;lat&quot;:&quot;42.7866609&quot;,&quot;lng&quot;:&quot;-0.537333&quot;},&quot;label&quot;:&quot;Candanch\\u00fa&quot;,&quot;custom_marker&quot;:false,&quot;geo_query_distance&quot;:-1},{&quot;id&quot;:6753,&quot;latLang&quot;:{&quot;lat&quot;:&quot;42.7984753&quot;,&quot;lng&quot;:&quot;-0.5318276&quot;},&quot;label&quot;:&quot;Somport&quot;,&quot;custom_marker&quot;:false,&quot;geo_query_distance&quot;:-1}]\" data-general=\"{&quot;api&quot;:&quot;https:\\\/\\\/caminodesantiagoporaragon.com\\\/fr\\\/wp-json\\\/jet-engine\\\/v2\\\/get-map-marker-info\\\/&quot;,&quot;restNonce&quot;:&quot;7bcf5224cf&quot;,&quot;listingID&quot;:5764,&quot;source&quot;:&quot;posts&quot;,&quot;width&quot;:230,&quot;offset&quot;:40,&quot;clustererImg&quot;:&quot;https:\\\/\\\/caminodesantiagoporaragon.com\\\/wp-content\\\/plugins\\\/jet-engine\\\/includes\\\/modules\\\/maps-listings\\\/assets\\\/lib\\\/markerclustererplus\\\/img\\\/m&quot;,&quot;marker&quot;:{&quot;type&quot;:&quot;text&quot;,&quot;html&quot;:&quot;&lt;div class=\\&quot; jet-map-marker-wrap\\&quot; style=\\&quot;cursor: pointer;\\&quot;&gt;_marker_label_&lt;\\\/div&gt;&quot;},&quot;autoCenter&quot;:true,&quot;maxZoom&quot;:false,&quot;minZoom&quot;:false,&quot;customCenter&quot;:false,&quot;customZoom&quot;:11,&quot;popupPreloader&quot;:true,&quot;querySeparator&quot;:&quot;?&quot;,&quot;markerClustering&quot;:false,&quot;customClusterImg&quot;:[],&quot;clusterMaxZoom&quot;:&quot;&quot;,&quot;clusterRadius&quot;:&quot;&quot;,&quot;popupOpenOn&quot;:&quot;click&quot;,&quot;centeringOnOpen&quot;:false,&quot;zoomOnOpen&quot;:false,&quot;advanced&quot;:{&quot;zoom_control&quot;:&quot;auto&quot;},&quot;user_location_enabled&quot;:false,&quot;user_location_marker&quot;:false,&quot;user_location_label&quot;:&quot;&quot;,&quot;styles&quot;:[{&quot;stylers&quot;:[{&quot;hue&quot;:&quot;#bbcde2&quot;},{&quot;saturation&quot;:250}]},{&quot;featureType&quot;:&quot;road&quot;,&quot;elementType&quot;:&quot;geometry&quot;,&quot;stylers&quot;:[{&quot;lightness&quot;:50},{&quot;visibility&quot;:&quot;simplified&quot;}]},{&quot;featureType&quot;:&quot;road&quot;,&quot;elementType&quot;:&quot;labels&quot;,&quot;stylers&quot;:[{&quot;visibility&quot;:&quot;off&quot;}]}]}\" data-listing-source=\"posts\" data-queried-id=\"7145|WP_Post\"><\/div>\t\t\t\t<\/div>\n\t\t\t\t<\/div>\n\t\t\t\t\t<\/div>\n\t\t<\/div>\n\t\t\t\t\t<\/div>\n\t\t<\/section>\n\t\t\t\t<\/div>\n\t\t","protected":false},"excerpt":{"rendered":"<p>Chemin de Saint-Jacques France \/ Aragon Localites Filtro localidades check-fr Tous Localidades de Arag\u00f3n Localidades de Francia<\/p>\n","protected":false},"author":2,"featured_media":0,"parent":0,"menu_order":0,"comment_status":"closed","ping_status":"closed","template":"","meta":{"footnotes":""},"class_list":["post-7145","page","type-page","status-publish","hentry"],"yoast_head":"<!-- This site is optimized with the Yoast SEO plugin v26.9 - https:\/\/yoast.com\/product\/yoast-seo-wordpress\/ -->\n<title>carte localites - Camino de Santiago franc\u00e9s por Arag\u00f3n<\/title>\n<meta name=\"robots\" content=\"noindex, follow\" \/>\n<meta property=\"og:locale\" content=\"fr_FR\" \/>\n<meta property=\"og:type\" content=\"article\" \/>\n<meta property=\"og:title\" content=\"carte localites - Camino de Santiago franc\u00e9s por Arag\u00f3n\" \/>\n<meta property=\"og:description\" content=\"Chemin de Saint-Jacques France \/ Aragon Localites Filtro localidades check-fr Tous Localidades de Arag\u00f3n Localidades de Francia\" \/>\n<meta property=\"og:url\" content=\"https:\/\/caminodesantiagoporaragon.com\/fr\/map-localites\/\" \/>\n<meta property=\"og:site_name\" content=\"Camino de Santiago por Arag\u00f3n | Donde t\u00fa eres la estrella\" \/>\n<meta property=\"article:publisher\" content=\"https:\/\/www.facebook.com\/caminodesantiagoporaragon\/\" \/>\n<meta property=\"article:modified_time\" content=\"2024-06-30T10:57:27+00:00\" \/>\n<meta property=\"og:image\" content=\"https:\/\/caminodesantiagoporaragon.com\/wp-content\/uploads\/2021\/07\/camino-de-santiago-por-aragon.jpg\" \/>\n\t<meta property=\"og:image:width\" content=\"429\" \/>\n\t<meta property=\"og:image:height\" content=\"415\" \/>\n\t<meta property=\"og:image:type\" content=\"image\/jpeg\" \/>\n<meta name=\"twitter:card\" content=\"summary_large_image\" \/>\n<meta name=\"twitter:site\" content=\"@CSantiagoAragon\" \/>\n<meta name=\"twitter:label1\" content=\"Dur\u00e9e de lecture estim\u00e9e\" \/>\n\t<meta name=\"twitter:data1\" content=\"10 minutes\" \/>\n<script type=\"application\/ld+json\" class=\"yoast-schema-graph\">{\"@context\":\"https:\/\/schema.org\",\"@graph\":[{\"@type\":\"WebPage\",\"@id\":\"https:\/\/caminodesantiagoporaragon.com\/fr\/map-localites\/\",\"url\":\"https:\/\/caminodesantiagoporaragon.com\/fr\/map-localites\/\",\"name\":\"carte localites - Camino de Santiago franc\u00e9s por Arag\u00f3n\",\"isPartOf\":{\"@id\":\"https:\/\/caminodesantiagoporaragon.com\/fr\/#website\"},\"datePublished\":\"2021-05-25T18:00:41+00:00\",\"dateModified\":\"2024-06-30T10:57:27+00:00\",\"breadcrumb\":{\"@id\":\"https:\/\/caminodesantiagoporaragon.com\/fr\/map-localites\/#breadcrumb\"},\"inLanguage\":\"fr-FR\",\"potentialAction\":[{\"@type\":\"ReadAction\",\"target\":[\"https:\/\/caminodesantiagoporaragon.com\/fr\/map-localites\/\"]}]},{\"@type\":\"BreadcrumbList\",\"@id\":\"https:\/\/caminodesantiagoporaragon.com\/fr\/map-localites\/#breadcrumb\",\"itemListElement\":[{\"@type\":\"ListItem\",\"position\":1,\"name\":\"Inicio\",\"item\":\"https:\/\/caminodesantiagoporaragon.com\/fr\/\"},{\"@type\":\"ListItem\",\"position\":2,\"name\":\"carte localites\"}]},{\"@type\":\"WebSite\",\"@id\":\"https:\/\/caminodesantiagoporaragon.com\/fr\/#website\",\"url\":\"https:\/\/caminodesantiagoporaragon.com\/fr\/\",\"name\":\"Camino de Santiago por Arag\u00f3n | Donde t\u00fa eres la estrella\",\"description\":\"El Camino de Santiago por Arag\u00f3n es nuestro legado. Bienvenidos a vivir, a disfrutar y comprender el camino franc\u00e9s por Arag\u00f3n, Patrimonio de la Humanidad.\",\"publisher\":{\"@id\":\"https:\/\/caminodesantiagoporaragon.com\/fr\/#organization\"},\"potentialAction\":[{\"@type\":\"SearchAction\",\"target\":{\"@type\":\"EntryPoint\",\"urlTemplate\":\"https:\/\/caminodesantiagoporaragon.com\/fr\/?s={search_term_string}\"},\"query-input\":{\"@type\":\"PropertyValueSpecification\",\"valueRequired\":true,\"valueName\":\"search_term_string\"}}],\"inLanguage\":\"fr-FR\"},{\"@type\":\"Organization\",\"@id\":\"https:\/\/caminodesantiagoporaragon.com\/fr\/#organization\",\"name\":\"Turismo de Arag\u00f3n\",\"url\":\"https:\/\/caminodesantiagoporaragon.com\/fr\/\",\"logo\":{\"@type\":\"ImageObject\",\"inLanguage\":\"fr-FR\",\"@id\":\"https:\/\/caminodesantiagoporaragon.com\/fr\/#\/schema\/logo\/image\/\",\"url\":\"https:\/\/caminodesantiagoporaragon.com\/wp-content\/uploads\/2021\/07\/foro-profesionales-turismo-de-aragon.jpg\",\"contentUrl\":\"https:\/\/caminodesantiagoporaragon.com\/wp-content\/uploads\/2021\/07\/foro-profesionales-turismo-de-aragon.jpg\",\"width\":429,\"height\":415,\"caption\":\"Turismo de Arag\u00f3n\"},\"image\":{\"@id\":\"https:\/\/caminodesantiagoporaragon.com\/fr\/#\/schema\/logo\/image\/\"},\"sameAs\":[\"https:\/\/www.facebook.com\/caminodesantiagoporaragon\/\",\"https:\/\/x.com\/CSantiagoAragon\",\"https:\/\/www.instagram.com\/caminodesantiagoporaragon\/\",\"https:\/\/www.youtube.com\/channel\/UCxJoNlG90Gi-WjTm24Jgkag\"]}]}<\/script>\n<!-- \/ Yoast SEO plugin. -->","yoast_head_json":{"title":"carte localites - Camino de Santiago franc\u00e9s por Arag\u00f3n","robots":{"index":"noindex","follow":"follow"},"og_locale":"fr_FR","og_type":"article","og_title":"carte localites - Camino de Santiago franc\u00e9s por Arag\u00f3n","og_description":"Chemin de Saint-Jacques France \/ Aragon Localites Filtro localidades check-fr Tous Localidades de Arag\u00f3n Localidades de Francia","og_url":"https:\/\/caminodesantiagoporaragon.com\/fr\/map-localites\/","og_site_name":"Camino de Santiago por Arag\u00f3n | Donde t\u00fa eres la estrella","article_publisher":"https:\/\/www.facebook.com\/caminodesantiagoporaragon\/","article_modified_time":"2024-06-30T10:57:27+00:00","og_image":[{"width":429,"height":415,"url":"https:\/\/caminodesantiagoporaragon.com\/wp-content\/uploads\/2021\/07\/camino-de-santiago-por-aragon.jpg","type":"image\/jpeg"}],"twitter_card":"summary_large_image","twitter_site":"@CSantiagoAragon","twitter_misc":{"Dur\u00e9e de lecture estim\u00e9e":"10 minutes"},"schema":{"@context":"https:\/\/schema.org","@graph":[{"@type":"WebPage","@id":"https:\/\/caminodesantiagoporaragon.com\/fr\/map-localites\/","url":"https:\/\/caminodesantiagoporaragon.com\/fr\/map-localites\/","name":"carte localites - Camino de Santiago franc\u00e9s por Arag\u00f3n","isPartOf":{"@id":"https:\/\/caminodesantiagoporaragon.com\/fr\/#website"},"datePublished":"2021-05-25T18:00:41+00:00","dateModified":"2024-06-30T10:57:27+00:00","breadcrumb":{"@id":"https:\/\/caminodesantiagoporaragon.com\/fr\/map-localites\/#breadcrumb"},"inLanguage":"fr-FR","potentialAction":[{"@type":"ReadAction","target":["https:\/\/caminodesantiagoporaragon.com\/fr\/map-localites\/"]}]},{"@type":"BreadcrumbList","@id":"https:\/\/caminodesantiagoporaragon.com\/fr\/map-localites\/#breadcrumb","itemListElement":[{"@type":"ListItem","position":1,"name":"Inicio","item":"https:\/\/caminodesantiagoporaragon.com\/fr\/"},{"@type":"ListItem","position":2,"name":"carte localites"}]},{"@type":"WebSite","@id":"https:\/\/caminodesantiagoporaragon.com\/fr\/#website","url":"https:\/\/caminodesantiagoporaragon.com\/fr\/","name":"Camino de Santiago por Arag\u00f3n | Donde t\u00fa eres la estrella","description":"El Camino de Santiago por Arag\u00f3n es nuestro legado. Bienvenidos a vivir, a disfrutar y comprender el camino franc\u00e9s por Arag\u00f3n, Patrimonio de la Humanidad.","publisher":{"@id":"https:\/\/caminodesantiagoporaragon.com\/fr\/#organization"},"potentialAction":[{"@type":"SearchAction","target":{"@type":"EntryPoint","urlTemplate":"https:\/\/caminodesantiagoporaragon.com\/fr\/?s={search_term_string}"},"query-input":{"@type":"PropertyValueSpecification","valueRequired":true,"valueName":"search_term_string"}}],"inLanguage":"fr-FR"},{"@type":"Organization","@id":"https:\/\/caminodesantiagoporaragon.com\/fr\/#organization","name":"Turismo de Arag\u00f3n","url":"https:\/\/caminodesantiagoporaragon.com\/fr\/","logo":{"@type":"ImageObject","inLanguage":"fr-FR","@id":"https:\/\/caminodesantiagoporaragon.com\/fr\/#\/schema\/logo\/image\/","url":"https:\/\/caminodesantiagoporaragon.com\/wp-content\/uploads\/2021\/07\/foro-profesionales-turismo-de-aragon.jpg","contentUrl":"https:\/\/caminodesantiagoporaragon.com\/wp-content\/uploads\/2021\/07\/foro-profesionales-turismo-de-aragon.jpg","width":429,"height":415,"caption":"Turismo de Arag\u00f3n"},"image":{"@id":"https:\/\/caminodesantiagoporaragon.com\/fr\/#\/schema\/logo\/image\/"},"sameAs":["https:\/\/www.facebook.com\/caminodesantiagoporaragon\/","https:\/\/x.com\/CSantiagoAragon","https:\/\/www.instagram.com\/caminodesantiagoporaragon\/","https:\/\/www.youtube.com\/channel\/UCxJoNlG90Gi-WjTm24Jgkag"]}]}},"_links":{"self":[{"href":"https:\/\/caminodesantiagoporaragon.com\/fr\/wp-json\/wp\/v2\/pages\/7145","targetHints":{"allow":["GET"]}}],"collection":[{"href":"https:\/\/caminodesantiagoporaragon.com\/fr\/wp-json\/wp\/v2\/pages"}],"about":[{"href":"https:\/\/caminodesantiagoporaragon.com\/fr\/wp-json\/wp\/v2\/types\/page"}],"author":[{"embeddable":true,"href":"https:\/\/caminodesantiagoporaragon.com\/fr\/wp-json\/wp\/v2\/users\/2"}],"replies":[{"embeddable":true,"href":"https:\/\/caminodesantiagoporaragon.com\/fr\/wp-json\/wp\/v2\/comments?post=7145"}],"version-history":[{"count":5,"href":"https:\/\/caminodesantiagoporaragon.com\/fr\/wp-json\/wp\/v2\/pages\/7145\/revisions"}],"predecessor-version":[{"id":8758,"href":"https:\/\/caminodesantiagoporaragon.com\/fr\/wp-json\/wp\/v2\/pages\/7145\/revisions\/8758"}],"wp:attachment":[{"href":"https:\/\/caminodesantiagoporaragon.com\/fr\/wp-json\/wp\/v2\/media?parent=7145"}],"curies":[{"name":"wp","href":"https:\/\/api.w.org\/{rel}","templated":true}]}}